{"id":80,"date":"2013-11-07T19:47:01","date_gmt":"2013-11-07T19:47:01","guid":{"rendered":"https:\/\/clarifyingthebible.com\/dev\/?post_type=product&#038;p=80"},"modified":"2024-06-28T18:34:47","modified_gmt":"2024-06-28T23:34:47","slug":"clarifying-the-bible-video-download","status":"publish","type":"product","link":"https:\/\/clarifyingthebible.com\/es\/store\/clarifying-the-bible-video-download\/","title":{"rendered":"Descarga de video (GRATIS con el c\u00f3digo de cup\u00f3n del libro): \u00a1Mira el video que ha cambiado miles de vidas!"},"content":{"rendered":"<p>Esta es la descarga de video de <em>aclarando la biblia<\/em> y no incluye ning\u00fan producto f\u00edsico. Recibir\u00e1 un correo electr\u00f3nico con un documento PDF llamado CTB Video Download Instructions. Haga clic en ese enlace, siga las sencillas instrucciones y \u00a1disfr\u00fatelo! En menos tiempo del que se tarda en ver una pel\u00edcula normal, se le presentar\u00e1 la Biblia como nunca antes. La presentaci\u00f3n en video lleva a los espectadores a un emocionante viaje desde G\u00e9nesis hasta Apocalipsis. No incluye el cuadernillo en PDF.<\/p>","protected":false},"excerpt":{"rendered":"<p>Esta es la descarga de video de Clarificando la Biblia y no incluye ning\u00fan producto f\u00edsico. Se divide en 8 secciones diferentes. No incluye el cuadernillo en PDF.<\/p>","protected":false},"featured_media":5144,"comment_status":"open","ping_status":"closed","template":"","meta":{"_uag_custom_page_level_css":"","wds_primary_product_brand":0,"wds_primary_product_cat":0},"product_brand":[],"product_cat":[13],"product_tag":[],"class_list":{"0":"post-80","1":"product","2":"type-product","3":"status-publish","4":"has-post-thumbnail","6":"product_cat-clarifying-the-bible","8":"first","9":"instock","10":"downloadable","11":"virtual","12":"taxable","13":"purchasable","14":"product-type-simple"},"uagb_featured_image_src":{"full":["https:\/\/clarifyingthebible.com\/wp-content\/uploads\/2013\/11\/CTB-video-download.jpg",1080,1080,false],"thumbnail":["https:\/\/clarifyingthebible.com\/wp-content\/uploads\/2013\/11\/CTB-video-download-150x150.jpg",150,150,true],"medium":["https:\/\/clarifyingthebible.com\/wp-content\/uploads\/2013\/11\/CTB-video-download-300x300.jpg",300,300,true],"medium_large":["https:\/\/clarifyingthebible.com\/wp-content\/uploads\/2013\/11\/CTB-video-download-768x768.jpg",768,768,true],"large":["https:\/\/clarifyingthebible.com\/wp-content\/uploads\/2013\/11\/CTB-video-download-1024x1024.jpg",1024,1024,true],"1536x1536":["https:\/\/clarifyingthebible.com\/wp-content\/uploads\/2013\/11\/CTB-video-download.jpg",1080,1080,false],"2048x2048":["https:\/\/clarifyingthebible.com\/wp-content\/uploads\/2013\/11\/CTB-video-download.jpg",1080,1080,false],"trp-custom-language-flag":["https:\/\/clarifyingthebible.com\/wp-content\/uploads\/2013\/11\/CTB-video-download-12x12.jpg",12,12,true],"portfolio-thumb_large":["https:\/\/clarifyingthebible.com\/wp-content\/uploads\/2013\/11\/CTB-video-download-900x604.jpg",900,604,true],"portfolio-thumb":["https:\/\/clarifyingthebible.com\/wp-content\/uploads\/2013\/11\/CTB-video-download-600x403.jpg",600,403,true],"portfolio-thumb_small":["https:\/\/clarifyingthebible.com\/wp-content\/uploads\/2013\/11\/CTB-video-download-400x269.jpg",400,269,true],"portfolio-widget":["https:\/\/clarifyingthebible.com\/wp-content\/uploads\/2013\/11\/CTB-video-download-100x100.jpg",100,100,true],"nectar_small_square":["https:\/\/clarifyingthebible.com\/wp-content\/uploads\/2013\/11\/CTB-video-download-140x140.jpg",140,140,true],"wide":["https:\/\/clarifyingthebible.com\/wp-content\/uploads\/2013\/11\/CTB-video-download-1000x500.jpg",1000,500,true],"wide_small":["https:\/\/clarifyingthebible.com\/wp-content\/uploads\/2013\/11\/CTB-video-download-670x335.jpg",670,335,true],"regular":["https:\/\/clarifyingthebible.com\/wp-content\/uploads\/2013\/11\/CTB-video-download-500x500.jpg",500,500,true],"regular_small":["https:\/\/clarifyingthebible.com\/wp-content\/uploads\/2013\/11\/CTB-video-download-350x350.jpg",350,350,true],"tall":["https:\/\/clarifyingthebible.com\/wp-content\/uploads\/2013\/11\/CTB-video-download-500x1000.jpg",500,1000,true],"wide_tall":["https:\/\/clarifyingthebible.com\/wp-content\/uploads\/2013\/11\/CTB-video-download-1000x1000.jpg",1000,1000,true],"wide_photography":["https:\/\/clarifyingthebible.com\/wp-content\/uploads\/2013\/11\/CTB-video-download-900x600.jpg",900,600,true],"large_featured":["https:\/\/clarifyingthebible.com\/wp-content\/uploads\/2013\/11\/CTB-video-download-1080x770.jpg",1080,770,true],"medium_featured":["https:\/\/clarifyingthebible.com\/wp-content\/uploads\/2013\/11\/CTB-video-download-800x800.jpg",800,800,true],"woocommerce_thumbnail":["https:\/\/clarifyingthebible.com\/wp-content\/uploads\/2013\/11\/CTB-video-download-375x400.jpg",375,400,true],"woocommerce_single":["https:\/\/clarifyingthebible.com\/wp-content\/uploads\/2013\/11\/CTB-video-download-600x600.jpg",600,600,true],"woocommerce_gallery_thumbnail":["https:\/\/clarifyingthebible.com\/wp-content\/uploads\/2013\/11\/CTB-video-download-150x150.jpg",150,150,true]},"uagb_author_info":{"display_name":"keith","author_link":"https:\/\/clarifyingthebible.com\/es\/author\/"},"uagb_comment_info":96,"uagb_excerpt":"This is the video download of Clarifying The Bible and includes no physical product. It is broken into 8 different sections. Does not include the PDF booklet.","_links":{"self":[{"href":"https:\/\/clarifyingthebible.com\/es\/wp-json\/wp\/v2\/product\/80","targetHints":{"allow":["GET"]}}],"collection":[{"href":"https:\/\/clarifyingthebible.com\/es\/wp-json\/wp\/v2\/product"}],"about":[{"href":"https:\/\/clarifyingthebible.com\/es\/wp-json\/wp\/v2\/types\/product"}],"replies":[{"embeddable":true,"href":"https:\/\/clarifyingthebible.com\/es\/wp-json\/wp\/v2\/comments?post=80"}],"wp:featuredmedia":[{"embeddable":true,"href":"https:\/\/clarifyingthebible.com\/es\/wp-json\/wp\/v2\/media\/5144"}],"wp:attachment":[{"href":"https:\/\/clarifyingthebible.com\/es\/wp-json\/wp\/v2\/media?parent=80"}],"wp:term":[{"taxonomy":"product_brand","embeddable":true,"href":"https:\/\/clarifyingthebible.com\/es\/wp-json\/wp\/v2\/product_brand?post=80"},{"taxonomy":"product_cat","embeddable":true,"href":"https:\/\/clarifyingthebible.com\/es\/wp-json\/wp\/v2\/product_cat?post=80"},{"taxonomy":"product_tag","embeddable":true,"href":"https:\/\/clarifyingthebible.com\/es\/wp-json\/wp\/v2\/product_tag?post=80"}],"curies":[{"name":"wp","href":"https:\/\/api.w.org\/{rel}","templated":true}]}}