{"id":71,"date":"2013-11-07T17:23:48","date_gmt":"2013-11-07T17:23:48","guid":{"rendered":"https:\/\/clarifyingthebible.com\/dev\/?post_type=product&#038;p=71"},"modified":"2025-11-06T14:40:22","modified_gmt":"2025-11-06T20:40:22","slug":"clarifying-the-bible-dvd","status":"publish","type":"product","link":"https:\/\/clarifyingthebible.com\/es\/store\/clarifying-the-bible-dvd\/","title":{"rendered":"DVD de la Presentaci\u00f3n Aclarando La Biblia"},"content":{"rendered":"<p>Este es el video de presentaci\u00f3n en DVD de <em>Aclarando la Biblia<\/em>. Lo hace <em><span style=\"text-decoration: underline;\"><strong>no<\/strong><\/span><\/em> contener el libro de trabajo que se puede pedir <a href=\"https:\/\/www.amazon.com\/Clarifying-Bible-Media-Experience-Sense\/dp\/1632961474\/ref=sr_1_1?ie=UTF8&amp;qid=1511041963&amp;sr=8-1&amp;keywords=clarifying+the+bible\">aqu\u00ed<\/a>. En menos tiempo del que se tarda en ver una pel\u00edcula normal, se le presentar\u00e1 la Biblia como nunca antes. La presentaci\u00f3n en video lleva a los espectadores a un emocionante viaje desde G\u00e9nesis hasta Apocalipsis.<\/p>","protected":false},"excerpt":{"rendered":"<p>Este es el video de presentaci\u00f3n en DVD de\u00a0<em>Aclarando la Biblia<\/em>. Lo hace\u00a0<em><span style=\"text-decoration: underline;\"><strong>no<\/strong><\/span><\/em>\u00a0contener el libro de trabajo que se puede pedir\u00a0<a href=\"https:\/\/www.amazon.com\/Clarifying-Bible-Media-Experience-Sense\/dp\/1632961474\/ref=sr_1_1?ie=UTF8&amp;qid=1511041963&amp;sr=8-1&amp;keywords=clarifying+the+bible\">aqu\u00ed<\/a>. En menos tiempo del que se tarda en ver una pel\u00edcula normal, se le presentar\u00e1 la Biblia como nunca antes. La presentaci\u00f3n en video lleva a los espectadores a un emocionante viaje desde G\u00e9nesis hasta Apocalipsis.<\/p>","protected":false},"featured_media":5113,"comment_status":"open","ping_status":"closed","template":"","meta":{"_uag_custom_page_level_css":"","wds_primary_product_brand":0,"wds_primary_product_cat":0},"product_brand":[],"product_cat":[13],"product_tag":[21,30],"class_list":{"0":"post-71","1":"product","2":"type-product","3":"status-publish","4":"has-post-thumbnail","6":"product_cat-clarifying-the-bible","7":"product_tag-clarifying-the-bible-2","8":"product_tag-dvd","10":"first","11":"instock","12":"taxable","13":"shipping-taxable","14":"purchasable","15":"product-type-simple"},"uagb_featured_image_src":{"full":["https:\/\/clarifyingthebible.com\/wp-content\/uploads\/2013\/11\/CTB-DVD.jpg",1080,1080,false],"thumbnail":["https:\/\/clarifyingthebible.com\/wp-content\/uploads\/2013\/11\/CTB-DVD-150x150.jpg",150,150,true],"medium":["https:\/\/clarifyingthebible.com\/wp-content\/uploads\/2013\/11\/CTB-DVD-300x300.jpg",300,300,true],"medium_large":["https:\/\/clarifyingthebible.com\/wp-content\/uploads\/2013\/11\/CTB-DVD-768x768.jpg",768,768,true],"large":["https:\/\/clarifyingthebible.com\/wp-content\/uploads\/2013\/11\/CTB-DVD-1024x1024.jpg",1024,1024,true],"1536x1536":["https:\/\/clarifyingthebible.com\/wp-content\/uploads\/2013\/11\/CTB-DVD.jpg",1080,1080,false],"2048x2048":["https:\/\/clarifyingthebible.com\/wp-content\/uploads\/2013\/11\/CTB-DVD.jpg",1080,1080,false],"trp-custom-language-flag":["https:\/\/clarifyingthebible.com\/wp-content\/uploads\/2013\/11\/CTB-DVD.jpg",12,12,false],"portfolio-thumb_large":["https:\/\/clarifyingthebible.com\/wp-content\/uploads\/2013\/11\/CTB-DVD-900x604.jpg",900,604,true],"portfolio-thumb":["https:\/\/clarifyingthebible.com\/wp-content\/uploads\/2013\/11\/CTB-DVD-600x403.jpg",600,403,true],"portfolio-thumb_small":["https:\/\/clarifyingthebible.com\/wp-content\/uploads\/2013\/11\/CTB-DVD-400x269.jpg",400,269,true],"portfolio-widget":["https:\/\/clarifyingthebible.com\/wp-content\/uploads\/2013\/11\/CTB-DVD-100x100.jpg",100,100,true],"nectar_small_square":["https:\/\/clarifyingthebible.com\/wp-content\/uploads\/2013\/11\/CTB-DVD-140x140.jpg",140,140,true],"wide":["https:\/\/clarifyingthebible.com\/wp-content\/uploads\/2013\/11\/CTB-DVD-1000x500.jpg",1000,500,true],"wide_small":["https:\/\/clarifyingthebible.com\/wp-content\/uploads\/2013\/11\/CTB-DVD-670x335.jpg",670,335,true],"regular":["https:\/\/clarifyingthebible.com\/wp-content\/uploads\/2013\/11\/CTB-DVD-500x500.jpg",500,500,true],"regular_small":["https:\/\/clarifyingthebible.com\/wp-content\/uploads\/2013\/11\/CTB-DVD-350x350.jpg",350,350,true],"tall":["https:\/\/clarifyingthebible.com\/wp-content\/uploads\/2013\/11\/CTB-DVD-500x1000.jpg",500,1000,true],"wide_tall":["https:\/\/clarifyingthebible.com\/wp-content\/uploads\/2013\/11\/CTB-DVD-1000x1000.jpg",1000,1000,true],"wide_photography":["https:\/\/clarifyingthebible.com\/wp-content\/uploads\/2013\/11\/CTB-DVD-900x600.jpg",900,600,true],"large_featured":["https:\/\/clarifyingthebible.com\/wp-content\/uploads\/2013\/11\/CTB-DVD-1080x770.jpg",1080,770,true],"medium_featured":["https:\/\/clarifyingthebible.com\/wp-content\/uploads\/2013\/11\/CTB-DVD-800x800.jpg",800,800,true],"woocommerce_thumbnail":["https:\/\/clarifyingthebible.com\/wp-content\/uploads\/2013\/11\/CTB-DVD-375x400.jpg",375,400,true],"woocommerce_single":["https:\/\/clarifyingthebible.com\/wp-content\/uploads\/2013\/11\/CTB-DVD-600x600.jpg",600,600,true],"woocommerce_gallery_thumbnail":["https:\/\/clarifyingthebible.com\/wp-content\/uploads\/2013\/11\/CTB-DVD-150x150.jpg",150,150,true]},"uagb_author_info":{"display_name":"keith","author_link":"https:\/\/clarifyingthebible.com\/es\/author\/"},"uagb_comment_info":22,"uagb_excerpt":"This is the DVD video presentation of\u00a0Clarifying The Bible. It does\u00a0not\u00a0contain the workbook which can be ordered\u00a0here.\u00a0In less time than it takes to watch the average movie you will be introduced to the Bible like never before. The video presentation takes viewers on an exciting journey from Genesis all the way to Revelation.","_links":{"self":[{"href":"https:\/\/clarifyingthebible.com\/es\/wp-json\/wp\/v2\/product\/71","targetHints":{"allow":["GET"]}}],"collection":[{"href":"https:\/\/clarifyingthebible.com\/es\/wp-json\/wp\/v2\/product"}],"about":[{"href":"https:\/\/clarifyingthebible.com\/es\/wp-json\/wp\/v2\/types\/product"}],"replies":[{"embeddable":true,"href":"https:\/\/clarifyingthebible.com\/es\/wp-json\/wp\/v2\/comments?post=71"}],"wp:featuredmedia":[{"embeddable":true,"href":"https:\/\/clarifyingthebible.com\/es\/wp-json\/wp\/v2\/media\/5113"}],"wp:attachment":[{"href":"https:\/\/clarifyingthebible.com\/es\/wp-json\/wp\/v2\/media?parent=71"}],"wp:term":[{"taxonomy":"product_brand","embeddable":true,"href":"https:\/\/clarifyingthebible.com\/es\/wp-json\/wp\/v2\/product_brand?post=71"},{"taxonomy":"product_cat","embeddable":true,"href":"https:\/\/clarifyingthebible.com\/es\/wp-json\/wp\/v2\/product_cat?post=71"},{"taxonomy":"product_tag","embeddable":true,"href":"https:\/\/clarifyingthebible.com\/es\/wp-json\/wp\/v2\/product_tag?post=71"}],"curies":[{"name":"wp","href":"https:\/\/api.w.org\/{rel}","templated":true}]}}