{"id":5152,"date":"2022-11-10T16:43:00","date_gmt":"2022-11-10T16:43:00","guid":{"rendered":"https:\/\/clarifyingthebible.com\/?post_type=product&#038;p=5152"},"modified":"2023-12-18T12:34:29","modified_gmt":"2023-12-18T18:34:29","slug":"video-download-clarifying-the-apostle-paul-includes-pdf-notes","status":"publish","type":"product","link":"https:\/\/clarifyingthebible.com\/es\/store\/video-download-clarifying-the-apostle-paul-includes-pdf-notes\/","title":{"rendered":"Descarga de video: aclarando al ap\u00f3stol Pablo: incluye notas en PDF"},"content":{"rendered":"<p>Esta es la descarga de video de <em>Aclarando al Ap\u00f3stol Pablo<\/em> y no incluye ning\u00fan producto f\u00edsico. Recibir\u00e1 un correo electr\u00f3nico con un documento PDF llamado Instrucciones de descarga de video CTAP. Haga clic en ese enlace, siga las sencillas instrucciones y \u00a1disfr\u00fatelo! En menos tiempo del que se tarda en ver una pel\u00edcula normal, se le presentar\u00e1 al ap\u00f3stol Pablo como nunca antes. \u00a1Incluye notas en PDF para seguir!<\/p>","protected":false},"excerpt":{"rendered":"<p>Esta es la descarga de video de <em>Aclarando al Ap\u00f3stol Pablo<\/em> y no incluye ning\u00fan producto f\u00edsico. Recibir\u00e1 un correo electr\u00f3nico con un documento PDF llamado Instrucciones de descarga de video CTAP. Haga clic en ese enlace, siga las sencillas instrucciones y \u00a1disfr\u00fatelo! En menos tiempo del que se tarda en ver una pel\u00edcula normal, se le presentar\u00e1 al ap\u00f3stol Pablo como nunca antes. \u00a1Incluye notas en PDF para seguir!<\/p>","protected":false},"featured_media":5153,"comment_status":"open","ping_status":"closed","template":"","meta":{"_uag_custom_page_level_css":"","wds_primary_product_brand":0,"wds_primary_product_cat":0},"product_brand":[],"product_cat":[41],"product_tag":[],"class_list":{"0":"post-5152","1":"product","2":"type-product","3":"status-publish","4":"has-post-thumbnail","6":"product_cat-clarifying-the-apostle-paul","8":"first","9":"instock","10":"downloadable","11":"virtual","12":"taxable","13":"purchasable","14":"product-type-simple"},"uagb_featured_image_src":{"full":["https:\/\/clarifyingthebible.com\/wp-content\/uploads\/2022\/11\/Paul_video-download.jpg",1080,1080,false],"thumbnail":["https:\/\/clarifyingthebible.com\/wp-content\/uploads\/2022\/11\/Paul_video-download-150x150.jpg",150,150,true],"medium":["https:\/\/clarifyingthebible.com\/wp-content\/uploads\/2022\/11\/Paul_video-download-300x300.jpg",300,300,true],"medium_large":["https:\/\/clarifyingthebible.com\/wp-content\/uploads\/2022\/11\/Paul_video-download-768x768.jpg",768,768,true],"large":["https:\/\/clarifyingthebible.com\/wp-content\/uploads\/2022\/11\/Paul_video-download-1024x1024.jpg",1024,1024,true],"1536x1536":["https:\/\/clarifyingthebible.com\/wp-content\/uploads\/2022\/11\/Paul_video-download.jpg",1080,1080,false],"2048x2048":["https:\/\/clarifyingthebible.com\/wp-content\/uploads\/2022\/11\/Paul_video-download.jpg",1080,1080,false],"trp-custom-language-flag":["https:\/\/clarifyingthebible.com\/wp-content\/uploads\/2022\/11\/Paul_video-download-12x12.jpg",12,12,true],"portfolio-thumb_large":["https:\/\/clarifyingthebible.com\/wp-content\/uploads\/2022\/11\/Paul_video-download-900x604.jpg",900,604,true],"portfolio-thumb":["https:\/\/clarifyingthebible.com\/wp-content\/uploads\/2022\/11\/Paul_video-download-600x403.jpg",600,403,true],"portfolio-thumb_small":["https:\/\/clarifyingthebible.com\/wp-content\/uploads\/2022\/11\/Paul_video-download-400x269.jpg",400,269,true],"portfolio-widget":["https:\/\/clarifyingthebible.com\/wp-content\/uploads\/2022\/11\/Paul_video-download-100x100.jpg",100,100,true],"nectar_small_square":["https:\/\/clarifyingthebible.com\/wp-content\/uploads\/2022\/11\/Paul_video-download-140x140.jpg",140,140,true],"wide":["https:\/\/clarifyingthebible.com\/wp-content\/uploads\/2022\/11\/Paul_video-download-1000x500.jpg",1000,500,true],"wide_small":["https:\/\/clarifyingthebible.com\/wp-content\/uploads\/2022\/11\/Paul_video-download-670x335.jpg",670,335,true],"regular":["https:\/\/clarifyingthebible.com\/wp-content\/uploads\/2022\/11\/Paul_video-download-500x500.jpg",500,500,true],"regular_small":["https:\/\/clarifyingthebible.com\/wp-content\/uploads\/2022\/11\/Paul_video-download-350x350.jpg",350,350,true],"tall":["https:\/\/clarifyingthebible.com\/wp-content\/uploads\/2022\/11\/Paul_video-download-500x1000.jpg",500,1000,true],"wide_tall":["https:\/\/clarifyingthebible.com\/wp-content\/uploads\/2022\/11\/Paul_video-download-1000x1000.jpg",1000,1000,true],"wide_photography":["https:\/\/clarifyingthebible.com\/wp-content\/uploads\/2022\/11\/Paul_video-download-900x600.jpg",900,600,true],"large_featured":["https:\/\/clarifyingthebible.com\/wp-content\/uploads\/2022\/11\/Paul_video-download-1080x770.jpg",1080,770,true],"medium_featured":["https:\/\/clarifyingthebible.com\/wp-content\/uploads\/2022\/11\/Paul_video-download-800x800.jpg",800,800,true],"woocommerce_thumbnail":["https:\/\/clarifyingthebible.com\/wp-content\/uploads\/2022\/11\/Paul_video-download-375x400.jpg",375,400,true],"woocommerce_single":["https:\/\/clarifyingthebible.com\/wp-content\/uploads\/2022\/11\/Paul_video-download-600x600.jpg",600,600,true],"woocommerce_gallery_thumbnail":["https:\/\/clarifyingthebible.com\/wp-content\/uploads\/2022\/11\/Paul_video-download-150x150.jpg",150,150,true]},"uagb_author_info":{"display_name":"Angelo Gonzalez","author_link":"https:\/\/clarifyingthebible.com\/es\/author\/"},"uagb_comment_info":0,"uagb_excerpt":"This is the video download of Clarifying the Apostle Paul and includes no physical product. You will receive an email with a PDF document called CTAP Video Download Instructions. Click on that link, follow the simple instructions, and enjoy! In less time than it takes to watch the average movie you will be introduced to&hellip;","_links":{"self":[{"href":"https:\/\/clarifyingthebible.com\/es\/wp-json\/wp\/v2\/product\/5152","targetHints":{"allow":["GET"]}}],"collection":[{"href":"https:\/\/clarifyingthebible.com\/es\/wp-json\/wp\/v2\/product"}],"about":[{"href":"https:\/\/clarifyingthebible.com\/es\/wp-json\/wp\/v2\/types\/product"}],"replies":[{"embeddable":true,"href":"https:\/\/clarifyingthebible.com\/es\/wp-json\/wp\/v2\/comments?post=5152"}],"wp:featuredmedia":[{"embeddable":true,"href":"https:\/\/clarifyingthebible.com\/es\/wp-json\/wp\/v2\/media\/5153"}],"wp:attachment":[{"href":"https:\/\/clarifyingthebible.com\/es\/wp-json\/wp\/v2\/media?parent=5152"}],"wp:term":[{"taxonomy":"product_brand","embeddable":true,"href":"https:\/\/clarifyingthebible.com\/es\/wp-json\/wp\/v2\/product_brand?post=5152"},{"taxonomy":"product_cat","embeddable":true,"href":"https:\/\/clarifyingthebible.com\/es\/wp-json\/wp\/v2\/product_cat?post=5152"},{"taxonomy":"product_tag","embeddable":true,"href":"https:\/\/clarifyingthebible.com\/es\/wp-json\/wp\/v2\/product_tag?post=5152"}],"curies":[{"name":"wp","href":"https:\/\/api.w.org\/{rel}","templated":true}]}}