{"id":5150,"date":"2022-11-10T16:38:59","date_gmt":"2022-11-10T16:38:59","guid":{"rendered":"https:\/\/clarifyingthebible.com\/?post_type=product&#038;p=5150"},"modified":"2023-06-14T17:09:40","modified_gmt":"2023-06-14T22:09:40","slug":"teaching-manuscript-clarifying-the-apostle-paul-pdf-download-enhance-your-understanding-and-teaching-ministry-today","status":"publish","type":"product","link":"https:\/\/clarifyingthebible.com\/es\/store\/teaching-manuscript-clarifying-the-apostle-paul-pdf-download-enhance-your-understanding-and-teaching-ministry-today\/","title":{"rendered":"Manuscrito de Ense\u00f1anza \u2013 Aclarando al Ap\u00f3stol Pablo (Descargar PDF): \u00a1Mejore su entendimiento y ministerio de ense\u00f1anza hoy!"},"content":{"rendered":"<p>El<em> Aclarando el manuscrito de ense\u00f1anza del ap\u00f3stol Pablo<\/em> es la presentaci\u00f3n en video escrita palabra por palabra. Algunos de ustedes aprenden mejor leyendo, por lo que esto les ayudar\u00e1 a comprender el material. Y, sin duda, le ayudar\u00e1 mientras se prepara para ense\u00f1ar a otros. Mejora tu entendimiento y ministerio de ense\u00f1anza. \u00a1Obtenga el Manuscrito de Ense\u00f1anza hoy! Con esta compra recibir\u00e1 tres (3) archivos diferentes: Normal, Centrado, L\u00edneas. \u00a1Ver\u00e1 lo que queremos decir cuando obtenga las descargas!<\/p>","protected":false},"excerpt":{"rendered":"<p>\u00bfAprendes mejor leyendo? Entonces el <em><strong>Aclarando el manuscrito de ense\u00f1anza del ap\u00f3stol Pablo<\/strong><\/em> mejorar\u00e1 su comprensi\u00f3n del material. \u00bfLe gustar\u00eda ense\u00f1ar a otros de manera m\u00e1s efectiva? El <em><strong>Aclarando el manuscrito de ense\u00f1anza del ap\u00f3stol Pablo<\/strong><\/em> le ayudar\u00e1 a hacer precisamente eso. Recibir\u00e1 tres (3) archivos diferentes: Normal, Centrado, L\u00edneas. \u00a1Ver\u00e1 lo que queremos decir cuando obtenga las descargas!<\/p>","protected":false},"featured_media":5151,"comment_status":"open","ping_status":"closed","template":"","meta":{"_uag_custom_page_level_css":"","wds_primary_product_brand":0,"wds_primary_product_cat":0},"product_brand":[],"product_cat":[41],"product_tag":[],"class_list":{"0":"post-5150","1":"product","2":"type-product","3":"status-publish","4":"has-post-thumbnail","6":"product_cat-clarifying-the-apostle-paul","7":"product_shipping_class-noorfreeshipping","9":"first","10":"instock","11":"downloadable","12":"virtual","13":"taxable","14":"purchasable","15":"product-type-simple"},"uagb_featured_image_src":{"full":["https:\/\/clarifyingthebible.com\/wp-content\/uploads\/2022\/11\/Paul_teaching-manuscript.jpg",1080,1080,false],"thumbnail":["https:\/\/clarifyingthebible.com\/wp-content\/uploads\/2022\/11\/Paul_teaching-manuscript-150x150.jpg",150,150,true],"medium":["https:\/\/clarifyingthebible.com\/wp-content\/uploads\/2022\/11\/Paul_teaching-manuscript-300x300.jpg",300,300,true],"medium_large":["https:\/\/clarifyingthebible.com\/wp-content\/uploads\/2022\/11\/Paul_teaching-manuscript-768x768.jpg",768,768,true],"large":["https:\/\/clarifyingthebible.com\/wp-content\/uploads\/2022\/11\/Paul_teaching-manuscript-1024x1024.jpg",1024,1024,true],"1536x1536":["https:\/\/clarifyingthebible.com\/wp-content\/uploads\/2022\/11\/Paul_teaching-manuscript.jpg",1080,1080,false],"2048x2048":["https:\/\/clarifyingthebible.com\/wp-content\/uploads\/2022\/11\/Paul_teaching-manuscript.jpg",1080,1080,false],"trp-custom-language-flag":["https:\/\/clarifyingthebible.com\/wp-content\/uploads\/2022\/11\/Paul_teaching-manuscript-12x12.jpg",12,12,true],"portfolio-thumb_large":["https:\/\/clarifyingthebible.com\/wp-content\/uploads\/2022\/11\/Paul_teaching-manuscript-900x604.jpg",900,604,true],"portfolio-thumb":["https:\/\/clarifyingthebible.com\/wp-content\/uploads\/2022\/11\/Paul_teaching-manuscript-600x403.jpg",600,403,true],"portfolio-thumb_small":["https:\/\/clarifyingthebible.com\/wp-content\/uploads\/2022\/11\/Paul_teaching-manuscript-400x269.jpg",400,269,true],"portfolio-widget":["https:\/\/clarifyingthebible.com\/wp-content\/uploads\/2022\/11\/Paul_teaching-manuscript-100x100.jpg",100,100,true],"nectar_small_square":["https:\/\/clarifyingthebible.com\/wp-content\/uploads\/2022\/11\/Paul_teaching-manuscript-140x140.jpg",140,140,true],"wide":["https:\/\/clarifyingthebible.com\/wp-content\/uploads\/2022\/11\/Paul_teaching-manuscript-1000x500.jpg",1000,500,true],"wide_small":["https:\/\/clarifyingthebible.com\/wp-content\/uploads\/2022\/11\/Paul_teaching-manuscript-670x335.jpg",670,335,true],"regular":["https:\/\/clarifyingthebible.com\/wp-content\/uploads\/2022\/11\/Paul_teaching-manuscript-500x500.jpg",500,500,true],"regular_small":["https:\/\/clarifyingthebible.com\/wp-content\/uploads\/2022\/11\/Paul_teaching-manuscript-350x350.jpg",350,350,true],"tall":["https:\/\/clarifyingthebible.com\/wp-content\/uploads\/2022\/11\/Paul_teaching-manuscript-500x1000.jpg",500,1000,true],"wide_tall":["https:\/\/clarifyingthebible.com\/wp-content\/uploads\/2022\/11\/Paul_teaching-manuscript-1000x1000.jpg",1000,1000,true],"wide_photography":["https:\/\/clarifyingthebible.com\/wp-content\/uploads\/2022\/11\/Paul_teaching-manuscript-900x600.jpg",900,600,true],"large_featured":["https:\/\/clarifyingthebible.com\/wp-content\/uploads\/2022\/11\/Paul_teaching-manuscript-1080x770.jpg",1080,770,true],"medium_featured":["https:\/\/clarifyingthebible.com\/wp-content\/uploads\/2022\/11\/Paul_teaching-manuscript-800x800.jpg",800,800,true],"woocommerce_thumbnail":["https:\/\/clarifyingthebible.com\/wp-content\/uploads\/2022\/11\/Paul_teaching-manuscript-375x400.jpg",375,400,true],"woocommerce_single":["https:\/\/clarifyingthebible.com\/wp-content\/uploads\/2022\/11\/Paul_teaching-manuscript-600x600.jpg",600,600,true],"woocommerce_gallery_thumbnail":["https:\/\/clarifyingthebible.com\/wp-content\/uploads\/2022\/11\/Paul_teaching-manuscript-150x150.jpg",150,150,true]},"uagb_author_info":{"display_name":"Angelo Gonzalez","author_link":"https:\/\/clarifyingthebible.com\/es\/author\/"},"uagb_comment_info":0,"uagb_excerpt":"Do you learn better from reading? Then the Clarifying the Apostle Paul Teaching Manuscript will enhance your understanding of the material. Would you like to teach others more effectively? The Clarifying the Apostle Paul Teaching Manuscript will help you do just that. You'll receive three (3) different files: Normal, Centered, Lines. You'll see what we&hellip;","_links":{"self":[{"href":"https:\/\/clarifyingthebible.com\/es\/wp-json\/wp\/v2\/product\/5150","targetHints":{"allow":["GET"]}}],"collection":[{"href":"https:\/\/clarifyingthebible.com\/es\/wp-json\/wp\/v2\/product"}],"about":[{"href":"https:\/\/clarifyingthebible.com\/es\/wp-json\/wp\/v2\/types\/product"}],"replies":[{"embeddable":true,"href":"https:\/\/clarifyingthebible.com\/es\/wp-json\/wp\/v2\/comments?post=5150"}],"wp:featuredmedia":[{"embeddable":true,"href":"https:\/\/clarifyingthebible.com\/es\/wp-json\/wp\/v2\/media\/5151"}],"wp:attachment":[{"href":"https:\/\/clarifyingthebible.com\/es\/wp-json\/wp\/v2\/media?parent=5150"}],"wp:term":[{"taxonomy":"product_brand","embeddable":true,"href":"https:\/\/clarifyingthebible.com\/es\/wp-json\/wp\/v2\/product_brand?post=5150"},{"taxonomy":"product_cat","embeddable":true,"href":"https:\/\/clarifyingthebible.com\/es\/wp-json\/wp\/v2\/product_cat?post=5150"},{"taxonomy":"product_tag","embeddable":true,"href":"https:\/\/clarifyingthebible.com\/es\/wp-json\/wp\/v2\/product_tag?post=5150"}],"curies":[{"name":"wp","href":"https:\/\/api.w.org\/{rel}","templated":true}]}}