{"id":5147,"date":"2022-11-10T16:34:46","date_gmt":"2022-11-10T16:34:46","guid":{"rendered":"https:\/\/clarifyingthebible.com\/?post_type=product&#038;p=5147"},"modified":"2024-12-01T00:00:08","modified_gmt":"2024-12-01T06:00:08","slug":"disciples-bundle-clarifying-the-apostle-paul-video-download-pdf-notes-teaching-manuscript-teaching-slides","status":"publish","type":"product","link":"https:\/\/clarifyingthebible.com\/es\/store\/disciples-bundle-clarifying-the-apostle-paul-video-download-pdf-notes-teaching-manuscript-teaching-slides\/","title":{"rendered":"Paquete del disc\u00edpulo: aclaraci\u00f3n del ap\u00f3stol Pablo: descarga de video, notas en PDF, manuscrito de ense\u00f1anza, diapositivas de ense\u00f1anza"},"content":{"rendered":"<p>Este paquete es perfecto para cualquier seguidor de Jes\u00fas. Obtiene el video Clarificando al ap\u00f3stol Pablo y las notas en PDF, el manuscrito de ense\u00f1anza y las diapositivas de ense\u00f1anza. \u00a1Todo esto por el bajo precio de $29!<\/p>","protected":false},"excerpt":{"rendered":"<p>Este paquete es perfecto para cualquier seguidor de Jes\u00fas. Obtiene el video Clarificando al ap\u00f3stol Pablo y las notas en PDF, el manuscrito de ense\u00f1anza y las diapositivas de ense\u00f1anza. \u00a1Todo esto por el bajo precio de $29!<\/p>","protected":false},"featured_media":5148,"comment_status":"open","ping_status":"closed","template":"","meta":{"_uag_custom_page_level_css":"","wds_primary_product_brand":0,"wds_primary_product_cat":0},"product_brand":[],"product_cat":[41],"product_tag":[],"class_list":{"0":"post-5147","1":"product","2":"type-product","3":"status-publish","4":"has-post-thumbnail","6":"product_cat-clarifying-the-apostle-paul","8":"first","9":"instock","10":"downloadable","11":"virtual","12":"taxable","13":"purchasable","14":"product-type-simple"},"uagb_featured_image_src":{"full":["https:\/\/clarifyingthebible.com\/wp-content\/uploads\/2022\/11\/Paul_disciples-bundle.jpg",1080,1080,false],"thumbnail":["https:\/\/clarifyingthebible.com\/wp-content\/uploads\/2022\/11\/Paul_disciples-bundle-150x150.jpg",150,150,true],"medium":["https:\/\/clarifyingthebible.com\/wp-content\/uploads\/2022\/11\/Paul_disciples-bundle-300x300.jpg",300,300,true],"medium_large":["https:\/\/clarifyingthebible.com\/wp-content\/uploads\/2022\/11\/Paul_disciples-bundle-768x768.jpg",768,768,true],"large":["https:\/\/clarifyingthebible.com\/wp-content\/uploads\/2022\/11\/Paul_disciples-bundle-1024x1024.jpg",1024,1024,true],"1536x1536":["https:\/\/clarifyingthebible.com\/wp-content\/uploads\/2022\/11\/Paul_disciples-bundle.jpg",1080,1080,false],"2048x2048":["https:\/\/clarifyingthebible.com\/wp-content\/uploads\/2022\/11\/Paul_disciples-bundle.jpg",1080,1080,false],"trp-custom-language-flag":["https:\/\/clarifyingthebible.com\/wp-content\/uploads\/2022\/11\/Paul_disciples-bundle-12x12.jpg",12,12,true],"portfolio-thumb_large":["https:\/\/clarifyingthebible.com\/wp-content\/uploads\/2022\/11\/Paul_disciples-bundle-900x604.jpg",900,604,true],"portfolio-thumb":["https:\/\/clarifyingthebible.com\/wp-content\/uploads\/2022\/11\/Paul_disciples-bundle-600x403.jpg",600,403,true],"portfolio-thumb_small":["https:\/\/clarifyingthebible.com\/wp-content\/uploads\/2022\/11\/Paul_disciples-bundle-400x269.jpg",400,269,true],"portfolio-widget":["https:\/\/clarifyingthebible.com\/wp-content\/uploads\/2022\/11\/Paul_disciples-bundle-100x100.jpg",100,100,true],"nectar_small_square":["https:\/\/clarifyingthebible.com\/wp-content\/uploads\/2022\/11\/Paul_disciples-bundle-140x140.jpg",140,140,true],"wide":["https:\/\/clarifyingthebible.com\/wp-content\/uploads\/2022\/11\/Paul_disciples-bundle-1000x500.jpg",1000,500,true],"wide_small":["https:\/\/clarifyingthebible.com\/wp-content\/uploads\/2022\/11\/Paul_disciples-bundle-670x335.jpg",670,335,true],"regular":["https:\/\/clarifyingthebible.com\/wp-content\/uploads\/2022\/11\/Paul_disciples-bundle-500x500.jpg",500,500,true],"regular_small":["https:\/\/clarifyingthebible.com\/wp-content\/uploads\/2022\/11\/Paul_disciples-bundle-350x350.jpg",350,350,true],"tall":["https:\/\/clarifyingthebible.com\/wp-content\/uploads\/2022\/11\/Paul_disciples-bundle-500x1000.jpg",500,1000,true],"wide_tall":["https:\/\/clarifyingthebible.com\/wp-content\/uploads\/2022\/11\/Paul_disciples-bundle-1000x1000.jpg",1000,1000,true],"wide_photography":["https:\/\/clarifyingthebible.com\/wp-content\/uploads\/2022\/11\/Paul_disciples-bundle-900x600.jpg",900,600,true],"large_featured":["https:\/\/clarifyingthebible.com\/wp-content\/uploads\/2022\/11\/Paul_disciples-bundle-1080x770.jpg",1080,770,true],"medium_featured":["https:\/\/clarifyingthebible.com\/wp-content\/uploads\/2022\/11\/Paul_disciples-bundle-800x800.jpg",800,800,true],"woocommerce_thumbnail":["https:\/\/clarifyingthebible.com\/wp-content\/uploads\/2022\/11\/Paul_disciples-bundle-375x400.jpg",375,400,true],"woocommerce_single":["https:\/\/clarifyingthebible.com\/wp-content\/uploads\/2022\/11\/Paul_disciples-bundle-600x600.jpg",600,600,true],"woocommerce_gallery_thumbnail":["https:\/\/clarifyingthebible.com\/wp-content\/uploads\/2022\/11\/Paul_disciples-bundle-150x150.jpg",150,150,true]},"uagb_author_info":{"display_name":"Angelo Gonzalez","author_link":"https:\/\/clarifyingthebible.com\/es\/author\/"},"uagb_comment_info":1,"uagb_excerpt":"This bundle is perfect for any follower of Jesus. You get the Clarifying The Apostle Paul Video and PDF Notes, the Teaching Manuscript, and the Teaching Slides. All this for the low price of $29!","_links":{"self":[{"href":"https:\/\/clarifyingthebible.com\/es\/wp-json\/wp\/v2\/product\/5147","targetHints":{"allow":["GET"]}}],"collection":[{"href":"https:\/\/clarifyingthebible.com\/es\/wp-json\/wp\/v2\/product"}],"about":[{"href":"https:\/\/clarifyingthebible.com\/es\/wp-json\/wp\/v2\/types\/product"}],"replies":[{"embeddable":true,"href":"https:\/\/clarifyingthebible.com\/es\/wp-json\/wp\/v2\/comments?post=5147"}],"wp:featuredmedia":[{"embeddable":true,"href":"https:\/\/clarifyingthebible.com\/es\/wp-json\/wp\/v2\/media\/5148"}],"wp:attachment":[{"href":"https:\/\/clarifyingthebible.com\/es\/wp-json\/wp\/v2\/media?parent=5147"}],"wp:term":[{"taxonomy":"product_brand","embeddable":true,"href":"https:\/\/clarifyingthebible.com\/es\/wp-json\/wp\/v2\/product_brand?post=5147"},{"taxonomy":"product_cat","embeddable":true,"href":"https:\/\/clarifyingthebible.com\/es\/wp-json\/wp\/v2\/product_cat?post=5147"},{"taxonomy":"product_tag","embeddable":true,"href":"https:\/\/clarifyingthebible.com\/es\/wp-json\/wp\/v2\/product_tag?post=5147"}],"curies":[{"name":"wp","href":"https:\/\/api.w.org\/{rel}","templated":true}]}}