{"id":5136,"date":"2022-11-10T15:25:31","date_gmt":"2022-11-10T15:25:31","guid":{"rendered":"https:\/\/clarifyingthebible.com\/?post_type=product&#038;p=5136"},"modified":"2022-11-11T14:46:12","modified_gmt":"2022-11-11T14:46:12","slug":"spanish-disciple-makers-bundle-3-books-video-download-teaching-manuscript-teaching-slides","status":"publish","type":"product","link":"https:\/\/clarifyingthebible.com\/es\/store\/spanish-disciple-makers-bundle-3-books-video-download-teaching-manuscript-teaching-slides\/","title":{"rendered":"Paquete para hacer disc\u00edpulos en espa\u00f1ol: 3 libros, descarga de video, manuscrito de ense\u00f1anza, diapositivas de ense\u00f1anza"},"content":{"rendered":"<p>Toma dos o tres m\u00e1s que creas que podr\u00edan necesitar ayuda para comprender la estructura b\u00e1sica y la historia de la Biblia. A continuaci\u00f3n, utilice las herramientas proporcionadas en el <em>\u00a0Paquete de hacedor de disc\u00edpulos<\/em> multiplicar la influencia de <em>Aclarando La Biblia<\/em>!<\/p>","protected":false},"excerpt":{"rendered":"<h3>\u00a1Muy pronto!<\/h3>","protected":false},"featured_media":5137,"comment_status":"open","ping_status":"closed","template":"","meta":{"_uag_custom_page_level_css":"","wds_primary_product_brand":0,"wds_primary_product_cat":0},"product_brand":[],"product_cat":[42],"product_tag":[],"class_list":{"0":"post-5136","1":"product","2":"type-product","3":"status-publish","4":"has-post-thumbnail","6":"product_cat-aclarando-la-biblia","8":"first","9":"outofstock","10":"downloadable","11":"taxable","12":"shipping-taxable","13":"purchasable","14":"product-type-simple"},"uagb_featured_image_src":{"full":["https:\/\/clarifyingthebible.com\/wp-content\/uploads\/2022\/11\/CTB-Spanish-Disciple-Makers-Bundle.jpg",1080,1080,false],"thumbnail":["https:\/\/clarifyingthebible.com\/wp-content\/uploads\/2022\/11\/CTB-Spanish-Disciple-Makers-Bundle-150x150.jpg",150,150,true],"medium":["https:\/\/clarifyingthebible.com\/wp-content\/uploads\/2022\/11\/CTB-Spanish-Disciple-Makers-Bundle-300x300.jpg",300,300,true],"medium_large":["https:\/\/clarifyingthebible.com\/wp-content\/uploads\/2022\/11\/CTB-Spanish-Disciple-Makers-Bundle-768x768.jpg",768,768,true],"large":["https:\/\/clarifyingthebible.com\/wp-content\/uploads\/2022\/11\/CTB-Spanish-Disciple-Makers-Bundle-1024x1024.jpg",1024,1024,true],"1536x1536":["https:\/\/clarifyingthebible.com\/wp-content\/uploads\/2022\/11\/CTB-Spanish-Disciple-Makers-Bundle.jpg",1080,1080,false],"2048x2048":["https:\/\/clarifyingthebible.com\/wp-content\/uploads\/2022\/11\/CTB-Spanish-Disciple-Makers-Bundle.jpg",1080,1080,false],"trp-custom-language-flag":["https:\/\/clarifyingthebible.com\/wp-content\/uploads\/2022\/11\/CTB-Spanish-Disciple-Makers-Bundle-12x12.jpg",12,12,true],"portfolio-thumb_large":["https:\/\/clarifyingthebible.com\/wp-content\/uploads\/2022\/11\/CTB-Spanish-Disciple-Makers-Bundle-900x604.jpg",900,604,true],"portfolio-thumb":["https:\/\/clarifyingthebible.com\/wp-content\/uploads\/2022\/11\/CTB-Spanish-Disciple-Makers-Bundle-600x403.jpg",600,403,true],"portfolio-thumb_small":["https:\/\/clarifyingthebible.com\/wp-content\/uploads\/2022\/11\/CTB-Spanish-Disciple-Makers-Bundle-400x269.jpg",400,269,true],"portfolio-widget":["https:\/\/clarifyingthebible.com\/wp-content\/uploads\/2022\/11\/CTB-Spanish-Disciple-Makers-Bundle-100x100.jpg",100,100,true],"nectar_small_square":["https:\/\/clarifyingthebible.com\/wp-content\/uploads\/2022\/11\/CTB-Spanish-Disciple-Makers-Bundle-140x140.jpg",140,140,true],"wide":["https:\/\/clarifyingthebible.com\/wp-content\/uploads\/2022\/11\/CTB-Spanish-Disciple-Makers-Bundle-1000x500.jpg",1000,500,true],"wide_small":["https:\/\/clarifyingthebible.com\/wp-content\/uploads\/2022\/11\/CTB-Spanish-Disciple-Makers-Bundle-670x335.jpg",670,335,true],"regular":["https:\/\/clarifyingthebible.com\/wp-content\/uploads\/2022\/11\/CTB-Spanish-Disciple-Makers-Bundle-500x500.jpg",500,500,true],"regular_small":["https:\/\/clarifyingthebible.com\/wp-content\/uploads\/2022\/11\/CTB-Spanish-Disciple-Makers-Bundle-350x350.jpg",350,350,true],"tall":["https:\/\/clarifyingthebible.com\/wp-content\/uploads\/2022\/11\/CTB-Spanish-Disciple-Makers-Bundle-500x1000.jpg",500,1000,true],"wide_tall":["https:\/\/clarifyingthebible.com\/wp-content\/uploads\/2022\/11\/CTB-Spanish-Disciple-Makers-Bundle-1000x1000.jpg",1000,1000,true],"wide_photography":["https:\/\/clarifyingthebible.com\/wp-content\/uploads\/2022\/11\/CTB-Spanish-Disciple-Makers-Bundle-900x600.jpg",900,600,true],"large_featured":["https:\/\/clarifyingthebible.com\/wp-content\/uploads\/2022\/11\/CTB-Spanish-Disciple-Makers-Bundle-1080x770.jpg",1080,770,true],"medium_featured":["https:\/\/clarifyingthebible.com\/wp-content\/uploads\/2022\/11\/CTB-Spanish-Disciple-Makers-Bundle-800x800.jpg",800,800,true],"woocommerce_thumbnail":["https:\/\/clarifyingthebible.com\/wp-content\/uploads\/2022\/11\/CTB-Spanish-Disciple-Makers-Bundle-375x400.jpg",375,400,true],"woocommerce_single":["https:\/\/clarifyingthebible.com\/wp-content\/uploads\/2022\/11\/CTB-Spanish-Disciple-Makers-Bundle-600x600.jpg",600,600,true],"woocommerce_gallery_thumbnail":["https:\/\/clarifyingthebible.com\/wp-content\/uploads\/2022\/11\/CTB-Spanish-Disciple-Makers-Bundle-150x150.jpg",150,150,true]},"uagb_author_info":{"display_name":"Angelo Gonzalez","author_link":"https:\/\/clarifyingthebible.com\/es\/author\/"},"uagb_comment_info":0,"uagb_excerpt":"Coming Soon!","_links":{"self":[{"href":"https:\/\/clarifyingthebible.com\/es\/wp-json\/wp\/v2\/product\/5136","targetHints":{"allow":["GET"]}}],"collection":[{"href":"https:\/\/clarifyingthebible.com\/es\/wp-json\/wp\/v2\/product"}],"about":[{"href":"https:\/\/clarifyingthebible.com\/es\/wp-json\/wp\/v2\/types\/product"}],"replies":[{"embeddable":true,"href":"https:\/\/clarifyingthebible.com\/es\/wp-json\/wp\/v2\/comments?post=5136"}],"wp:featuredmedia":[{"embeddable":true,"href":"https:\/\/clarifyingthebible.com\/es\/wp-json\/wp\/v2\/media\/5137"}],"wp:attachment":[{"href":"https:\/\/clarifyingthebible.com\/es\/wp-json\/wp\/v2\/media?parent=5136"}],"wp:term":[{"taxonomy":"product_brand","embeddable":true,"href":"https:\/\/clarifyingthebible.com\/es\/wp-json\/wp\/v2\/product_brand?post=5136"},{"taxonomy":"product_cat","embeddable":true,"href":"https:\/\/clarifyingthebible.com\/es\/wp-json\/wp\/v2\/product_cat?post=5136"},{"taxonomy":"product_tag","embeddable":true,"href":"https:\/\/clarifyingthebible.com\/es\/wp-json\/wp\/v2\/product_tag?post=5136"}],"curies":[{"name":"wp","href":"https:\/\/api.w.org\/{rel}","templated":true}]}}