{"id":4320,"date":"2020-08-02T22:32:31","date_gmt":"2020-08-02T22:32:31","guid":{"rendered":"https:\/\/clarifyingthebible.com\/?post_type=product&#038;p=4320"},"modified":"2022-11-03T16:46:22","modified_gmt":"2022-11-03T16:46:22","slug":"ctb-leaders-bundle-10-books-video-download-teaching-manuscript-teaching-slides-small-group-curriculum-dvd","status":"publish","type":"product","link":"https:\/\/clarifyingthebible.com\/es\/store\/ctb-leaders-bundle-10-books-video-download-teaching-manuscript-teaching-slides-small-group-curriculum-dvd\/","title":{"rendered":"Paquete de l\u00edder de grupo: 10 libros, descarga de video, manuscrito de ense\u00f1anza, diapositivas de ense\u00f1anza, plan de estudios para grupos peque\u00f1os, DVD"},"content":{"rendered":"<p>Re\u00fana a un grupo y gu\u00edelos a trav\u00e9s de las 6 sesiones <em>Plan de estudios de grupos peque\u00f1os de CTB<\/em>. Todos sabemos que necesitamos leer y estudiar las Escrituras, pero muchos del pueblo de Dios se sienten intimidados por la Biblia. Sea el catalizador para disipar la niebla y traer algo de claridad y confianza. Dirigir un grupo a trav\u00e9s de <em>Aclarando la Biblia<\/em>!<\/p>","protected":false},"excerpt":{"rendered":"<p>Re\u00fana a un grupo y gu\u00edelos a trav\u00e9s del plan de estudios de 6 sesiones de CTB para grupos peque\u00f1os. Todos sabemos que necesitamos leer y estudiar las Escrituras, pero muchos de los de Dios...<\/p>","protected":false},"featured_media":5107,"comment_status":"open","ping_status":"closed","template":"","meta":{"_uag_custom_page_level_css":"","wds_primary_product_brand":0,"wds_primary_product_cat":0},"product_brand":[],"product_cat":[13],"product_tag":[],"class_list":{"0":"post-4320","1":"product","2":"type-product","3":"status-publish","4":"has-post-thumbnail","6":"product_cat-clarifying-the-bible","8":"first","9":"instock","10":"sale","11":"downloadable","12":"taxable","13":"shipping-taxable","14":"purchasable","15":"product-type-simple"},"uagb_featured_image_src":{"full":["https:\/\/clarifyingthebible.com\/wp-content\/uploads\/2020\/08\/CTB-Group-Leaders-Bundle.jpg",1080,1080,false],"thumbnail":["https:\/\/clarifyingthebible.com\/wp-content\/uploads\/2020\/08\/CTB-Group-Leaders-Bundle-150x150.jpg",150,150,true],"medium":["https:\/\/clarifyingthebible.com\/wp-content\/uploads\/2020\/08\/CTB-Group-Leaders-Bundle-300x300.jpg",300,300,true],"medium_large":["https:\/\/clarifyingthebible.com\/wp-content\/uploads\/2020\/08\/CTB-Group-Leaders-Bundle-768x768.jpg",768,768,true],"large":["https:\/\/clarifyingthebible.com\/wp-content\/uploads\/2020\/08\/CTB-Group-Leaders-Bundle-1024x1024.jpg",1024,1024,true],"1536x1536":["https:\/\/clarifyingthebible.com\/wp-content\/uploads\/2020\/08\/CTB-Group-Leaders-Bundle.jpg",1080,1080,false],"2048x2048":["https:\/\/clarifyingthebible.com\/wp-content\/uploads\/2020\/08\/CTB-Group-Leaders-Bundle.jpg",1080,1080,false],"trp-custom-language-flag":["https:\/\/clarifyingthebible.com\/wp-content\/uploads\/2020\/08\/CTB-Group-Leaders-Bundle.jpg",12,12,false],"portfolio-thumb_large":["https:\/\/clarifyingthebible.com\/wp-content\/uploads\/2020\/08\/CTB-Group-Leaders-Bundle-900x604.jpg",900,604,true],"portfolio-thumb":["https:\/\/clarifyingthebible.com\/wp-content\/uploads\/2020\/08\/CTB-Group-Leaders-Bundle-600x403.jpg",600,403,true],"portfolio-thumb_small":["https:\/\/clarifyingthebible.com\/wp-content\/uploads\/2020\/08\/CTB-Group-Leaders-Bundle-400x269.jpg",400,269,true],"portfolio-widget":["https:\/\/clarifyingthebible.com\/wp-content\/uploads\/2020\/08\/CTB-Group-Leaders-Bundle-100x100.jpg",100,100,true],"nectar_small_square":["https:\/\/clarifyingthebible.com\/wp-content\/uploads\/2020\/08\/CTB-Group-Leaders-Bundle-140x140.jpg",140,140,true],"wide":["https:\/\/clarifyingthebible.com\/wp-content\/uploads\/2020\/08\/CTB-Group-Leaders-Bundle-1000x500.jpg",1000,500,true],"wide_small":["https:\/\/clarifyingthebible.com\/wp-content\/uploads\/2020\/08\/CTB-Group-Leaders-Bundle-670x335.jpg",670,335,true],"regular":["https:\/\/clarifyingthebible.com\/wp-content\/uploads\/2020\/08\/CTB-Group-Leaders-Bundle-500x500.jpg",500,500,true],"regular_small":["https:\/\/clarifyingthebible.com\/wp-content\/uploads\/2020\/08\/CTB-Group-Leaders-Bundle-350x350.jpg",350,350,true],"tall":["https:\/\/clarifyingthebible.com\/wp-content\/uploads\/2020\/08\/CTB-Group-Leaders-Bundle-500x1000.jpg",500,1000,true],"wide_tall":["https:\/\/clarifyingthebible.com\/wp-content\/uploads\/2020\/08\/CTB-Group-Leaders-Bundle-1000x1000.jpg",1000,1000,true],"wide_photography":["https:\/\/clarifyingthebible.com\/wp-content\/uploads\/2020\/08\/CTB-Group-Leaders-Bundle-900x600.jpg",900,600,true],"large_featured":["https:\/\/clarifyingthebible.com\/wp-content\/uploads\/2020\/08\/CTB-Group-Leaders-Bundle-1080x770.jpg",1080,770,true],"medium_featured":["https:\/\/clarifyingthebible.com\/wp-content\/uploads\/2020\/08\/CTB-Group-Leaders-Bundle-800x800.jpg",800,800,true],"woocommerce_thumbnail":["https:\/\/clarifyingthebible.com\/wp-content\/uploads\/2020\/08\/CTB-Group-Leaders-Bundle-375x400.jpg",375,400,true],"woocommerce_single":["https:\/\/clarifyingthebible.com\/wp-content\/uploads\/2020\/08\/CTB-Group-Leaders-Bundle-600x600.jpg",600,600,true],"woocommerce_gallery_thumbnail":["https:\/\/clarifyingthebible.com\/wp-content\/uploads\/2020\/08\/CTB-Group-Leaders-Bundle-150x150.jpg",150,150,true]},"uagb_author_info":{"display_name":"Mitch Maher","author_link":"https:\/\/clarifyingthebible.com\/es\/author\/"},"uagb_comment_info":1,"uagb_excerpt":"Get a group together and lead them through the 6-Session CTB Small Group Curriculum. We all know we need to read and study the Scriptures, but so many of God&#8217;s...","_links":{"self":[{"href":"https:\/\/clarifyingthebible.com\/es\/wp-json\/wp\/v2\/product\/4320","targetHints":{"allow":["GET"]}}],"collection":[{"href":"https:\/\/clarifyingthebible.com\/es\/wp-json\/wp\/v2\/product"}],"about":[{"href":"https:\/\/clarifyingthebible.com\/es\/wp-json\/wp\/v2\/types\/product"}],"replies":[{"embeddable":true,"href":"https:\/\/clarifyingthebible.com\/es\/wp-json\/wp\/v2\/comments?post=4320"}],"wp:featuredmedia":[{"embeddable":true,"href":"https:\/\/clarifyingthebible.com\/es\/wp-json\/wp\/v2\/media\/5107"}],"wp:attachment":[{"href":"https:\/\/clarifyingthebible.com\/es\/wp-json\/wp\/v2\/media?parent=4320"}],"wp:term":[{"taxonomy":"product_brand","embeddable":true,"href":"https:\/\/clarifyingthebible.com\/es\/wp-json\/wp\/v2\/product_brand?post=4320"},{"taxonomy":"product_cat","embeddable":true,"href":"https:\/\/clarifyingthebible.com\/es\/wp-json\/wp\/v2\/product_cat?post=4320"},{"taxonomy":"product_tag","embeddable":true,"href":"https:\/\/clarifyingthebible.com\/es\/wp-json\/wp\/v2\/product_tag?post=4320"}],"curies":[{"name":"wp","href":"https:\/\/api.w.org\/{rel}","templated":true}]}}