{"id":4315,"date":"2020-08-02T22:03:29","date_gmt":"2020-08-02T22:03:29","guid":{"rendered":"https:\/\/clarifyingthebible.com\/?post_type=product&#038;p=4315"},"modified":"2022-11-03T16:46:32","modified_gmt":"2022-11-03T16:46:32","slug":"ctb-disciplers-bundle-3-books-video-download-teaching-manuscript-teaching-slides-small-group-curriculum","status":"publish","type":"product","link":"https:\/\/clarifyingthebible.com\/es\/store\/ctb-disciplers-bundle-3-books-video-download-teaching-manuscript-teaching-slides-small-group-curriculum\/","title":{"rendered":"Paquete para hacer disc\u00edpulos: 3 libros, descarga de video, manuscrito de ense\u00f1anza, diapositivas de ense\u00f1anza, plan de estudios para grupos peque\u00f1os"},"content":{"rendered":"<p>Toma dos o tres m\u00e1s que creas que podr\u00edan necesitar ayuda para comprender la estructura b\u00e1sica y la historia de la Biblia. A continuaci\u00f3n, utilice las herramientas proporcionadas en el <em>Paquete de hacedor de disc\u00edpulos de CTB<\/em> multiplicar la influencia de <em>Aclarando la Biblia<\/em>!<\/p>","protected":false},"excerpt":{"rendered":"<p>Toma dos o tres m\u00e1s que creas que podr\u00edan necesitar ayuda para comprender la estructura b\u00e1sica y la historia de la Biblia. Luego use las herramientas provistas en CTB Discipler Maker&#039;s...<\/p>","protected":false},"featured_media":5108,"comment_status":"open","ping_status":"closed","template":"","meta":{"_uag_custom_page_level_css":"","wds_primary_product_brand":0,"wds_primary_product_cat":0},"product_brand":[],"product_cat":[13],"product_tag":[],"class_list":{"0":"post-4315","1":"product","2":"type-product","3":"status-publish","4":"has-post-thumbnail","6":"product_cat-clarifying-the-bible","8":"first","9":"instock","10":"sale","11":"downloadable","12":"taxable","13":"shipping-taxable","14":"purchasable","15":"product-type-simple"},"uagb_featured_image_src":{"full":["https:\/\/clarifyingthebible.com\/wp-content\/uploads\/2020\/08\/CTB-Disciple-Makers-Bundle.jpg",1080,1080,false],"thumbnail":["https:\/\/clarifyingthebible.com\/wp-content\/uploads\/2020\/08\/CTB-Disciple-Makers-Bundle-150x150.jpg",150,150,true],"medium":["https:\/\/clarifyingthebible.com\/wp-content\/uploads\/2020\/08\/CTB-Disciple-Makers-Bundle-300x300.jpg",300,300,true],"medium_large":["https:\/\/clarifyingthebible.com\/wp-content\/uploads\/2020\/08\/CTB-Disciple-Makers-Bundle-768x768.jpg",768,768,true],"large":["https:\/\/clarifyingthebible.com\/wp-content\/uploads\/2020\/08\/CTB-Disciple-Makers-Bundle-1024x1024.jpg",1024,1024,true],"1536x1536":["https:\/\/clarifyingthebible.com\/wp-content\/uploads\/2020\/08\/CTB-Disciple-Makers-Bundle.jpg",1080,1080,false],"2048x2048":["https:\/\/clarifyingthebible.com\/wp-content\/uploads\/2020\/08\/CTB-Disciple-Makers-Bundle.jpg",1080,1080,false],"trp-custom-language-flag":["https:\/\/clarifyingthebible.com\/wp-content\/uploads\/2020\/08\/CTB-Disciple-Makers-Bundle.jpg",12,12,false],"portfolio-thumb_large":["https:\/\/clarifyingthebible.com\/wp-content\/uploads\/2020\/08\/CTB-Disciple-Makers-Bundle-900x604.jpg",900,604,true],"portfolio-thumb":["https:\/\/clarifyingthebible.com\/wp-content\/uploads\/2020\/08\/CTB-Disciple-Makers-Bundle-600x403.jpg",600,403,true],"portfolio-thumb_small":["https:\/\/clarifyingthebible.com\/wp-content\/uploads\/2020\/08\/CTB-Disciple-Makers-Bundle-400x269.jpg",400,269,true],"portfolio-widget":["https:\/\/clarifyingthebible.com\/wp-content\/uploads\/2020\/08\/CTB-Disciple-Makers-Bundle-100x100.jpg",100,100,true],"nectar_small_square":["https:\/\/clarifyingthebible.com\/wp-content\/uploads\/2020\/08\/CTB-Disciple-Makers-Bundle-140x140.jpg",140,140,true],"wide":["https:\/\/clarifyingthebible.com\/wp-content\/uploads\/2020\/08\/CTB-Disciple-Makers-Bundle-1000x500.jpg",1000,500,true],"wide_small":["https:\/\/clarifyingthebible.com\/wp-content\/uploads\/2020\/08\/CTB-Disciple-Makers-Bundle-670x335.jpg",670,335,true],"regular":["https:\/\/clarifyingthebible.com\/wp-content\/uploads\/2020\/08\/CTB-Disciple-Makers-Bundle-500x500.jpg",500,500,true],"regular_small":["https:\/\/clarifyingthebible.com\/wp-content\/uploads\/2020\/08\/CTB-Disciple-Makers-Bundle-350x350.jpg",350,350,true],"tall":["https:\/\/clarifyingthebible.com\/wp-content\/uploads\/2020\/08\/CTB-Disciple-Makers-Bundle-500x1000.jpg",500,1000,true],"wide_tall":["https:\/\/clarifyingthebible.com\/wp-content\/uploads\/2020\/08\/CTB-Disciple-Makers-Bundle-1000x1000.jpg",1000,1000,true],"wide_photography":["https:\/\/clarifyingthebible.com\/wp-content\/uploads\/2020\/08\/CTB-Disciple-Makers-Bundle-900x600.jpg",900,600,true],"large_featured":["https:\/\/clarifyingthebible.com\/wp-content\/uploads\/2020\/08\/CTB-Disciple-Makers-Bundle-1080x770.jpg",1080,770,true],"medium_featured":["https:\/\/clarifyingthebible.com\/wp-content\/uploads\/2020\/08\/CTB-Disciple-Makers-Bundle-800x800.jpg",800,800,true],"woocommerce_thumbnail":["https:\/\/clarifyingthebible.com\/wp-content\/uploads\/2020\/08\/CTB-Disciple-Makers-Bundle-375x400.jpg",375,400,true],"woocommerce_single":["https:\/\/clarifyingthebible.com\/wp-content\/uploads\/2020\/08\/CTB-Disciple-Makers-Bundle-600x600.jpg",600,600,true],"woocommerce_gallery_thumbnail":["https:\/\/clarifyingthebible.com\/wp-content\/uploads\/2020\/08\/CTB-Disciple-Makers-Bundle-150x150.jpg",150,150,true]},"uagb_author_info":{"display_name":"Mitch Maher","author_link":"https:\/\/clarifyingthebible.com\/es\/author\/"},"uagb_comment_info":1,"uagb_excerpt":"Grab two or three others you think could use some help understanding the basic structure and storyline of the Bible. Then use the tools provided in the CTB Discipler Maker&#8217;s...","_links":{"self":[{"href":"https:\/\/clarifyingthebible.com\/es\/wp-json\/wp\/v2\/product\/4315","targetHints":{"allow":["GET"]}}],"collection":[{"href":"https:\/\/clarifyingthebible.com\/es\/wp-json\/wp\/v2\/product"}],"about":[{"href":"https:\/\/clarifyingthebible.com\/es\/wp-json\/wp\/v2\/types\/product"}],"replies":[{"embeddable":true,"href":"https:\/\/clarifyingthebible.com\/es\/wp-json\/wp\/v2\/comments?post=4315"}],"wp:featuredmedia":[{"embeddable":true,"href":"https:\/\/clarifyingthebible.com\/es\/wp-json\/wp\/v2\/media\/5108"}],"wp:attachment":[{"href":"https:\/\/clarifyingthebible.com\/es\/wp-json\/wp\/v2\/media?parent=4315"}],"wp:term":[{"taxonomy":"product_brand","embeddable":true,"href":"https:\/\/clarifyingthebible.com\/es\/wp-json\/wp\/v2\/product_brand?post=4315"},{"taxonomy":"product_cat","embeddable":true,"href":"https:\/\/clarifyingthebible.com\/es\/wp-json\/wp\/v2\/product_cat?post=4315"},{"taxonomy":"product_tag","embeddable":true,"href":"https:\/\/clarifyingthebible.com\/es\/wp-json\/wp\/v2\/product_tag?post=4315"}],"curies":[{"name":"wp","href":"https:\/\/api.w.org\/{rel}","templated":true}]}}