{"id":4276,"date":"2020-07-31T20:38:28","date_gmt":"2020-07-31T20:38:28","guid":{"rendered":"https:\/\/clarifyingthebible.com\/?post_type=product&#038;p=4276"},"modified":"2022-11-03T16:47:17","modified_gmt":"2022-11-03T16:47:17","slug":"ctb-disciples-bundle-1-book-video-download-1-teaching-manuscript-1-teaching-slides-1-small-group-curriculum","status":"publish","type":"product","link":"https:\/\/clarifyingthebible.com\/es\/store\/ctb-disciples-bundle-1-book-video-download-1-teaching-manuscript-1-teaching-slides-1-small-group-curriculum\/","title":{"rendered":"Paquete para disc\u00edpulos: libro, descarga de video, manuscrito de ense\u00f1anza, diapositivas de ense\u00f1anza, plan de estudios para grupos peque\u00f1os"},"content":{"rendered":"<p><em><strong>El libro se le enviar\u00e1 por correo; todo lo dem\u00e1s vendr\u00e1 por correo electr\u00f3nico.<\/strong><\/em> Este paquete es perfecto para cualquier seguidor de Jes\u00fas. Obtienes el cl\u00e1sico libro de trabajo Clarificando la Biblia, el video CTB, el manuscrito de ense\u00f1anza, las diapositivas de ense\u00f1anza (con video instructivo) y el plan de estudios para grupos peque\u00f1os (para estudio personal; \u00a1o considera ayudar a otros!). Todo esto por el bajo precio de $35 (un valor de $48).<\/p>","protected":false},"excerpt":{"rendered":"<p>El libro se le enviar\u00e1 por correo; todo lo dem\u00e1s vendr\u00e1 por correo electr\u00f3nico. Este paquete es perfecto para cualquier seguidor de Jes\u00fas. Obtienes el cl\u00e1sico libro de ejercicios Clarificando la Biblia,...<\/p>","protected":false},"featured_media":5109,"comment_status":"open","ping_status":"closed","template":"","meta":{"_uag_custom_page_level_css":"","wds_primary_product_brand":0,"wds_primary_product_cat":0},"product_brand":[],"product_cat":[13],"product_tag":[],"class_list":{"0":"post-4276","1":"product","2":"type-product","3":"status-publish","4":"has-post-thumbnail","6":"product_cat-clarifying-the-bible","8":"first","9":"instock","10":"sale","11":"downloadable","12":"taxable","13":"shipping-taxable","14":"purchasable","15":"product-type-simple"},"uagb_featured_image_src":{"full":["https:\/\/clarifyingthebible.com\/wp-content\/uploads\/2020\/07\/CTB-Disciples-Bundle.jpg",1080,1080,false],"thumbnail":["https:\/\/clarifyingthebible.com\/wp-content\/uploads\/2020\/07\/CTB-Disciples-Bundle-150x150.jpg",150,150,true],"medium":["https:\/\/clarifyingthebible.com\/wp-content\/uploads\/2020\/07\/CTB-Disciples-Bundle-300x300.jpg",300,300,true],"medium_large":["https:\/\/clarifyingthebible.com\/wp-content\/uploads\/2020\/07\/CTB-Disciples-Bundle-768x768.jpg",768,768,true],"large":["https:\/\/clarifyingthebible.com\/wp-content\/uploads\/2020\/07\/CTB-Disciples-Bundle-1024x1024.jpg",1024,1024,true],"1536x1536":["https:\/\/clarifyingthebible.com\/wp-content\/uploads\/2020\/07\/CTB-Disciples-Bundle.jpg",1080,1080,false],"2048x2048":["https:\/\/clarifyingthebible.com\/wp-content\/uploads\/2020\/07\/CTB-Disciples-Bundle.jpg",1080,1080,false],"trp-custom-language-flag":["https:\/\/clarifyingthebible.com\/wp-content\/uploads\/2020\/07\/CTB-Disciples-Bundle.jpg",12,12,false],"portfolio-thumb_large":["https:\/\/clarifyingthebible.com\/wp-content\/uploads\/2020\/07\/CTB-Disciples-Bundle-900x604.jpg",900,604,true],"portfolio-thumb":["https:\/\/clarifyingthebible.com\/wp-content\/uploads\/2020\/07\/CTB-Disciples-Bundle-600x403.jpg",600,403,true],"portfolio-thumb_small":["https:\/\/clarifyingthebible.com\/wp-content\/uploads\/2020\/07\/CTB-Disciples-Bundle-400x269.jpg",400,269,true],"portfolio-widget":["https:\/\/clarifyingthebible.com\/wp-content\/uploads\/2020\/07\/CTB-Disciples-Bundle-100x100.jpg",100,100,true],"nectar_small_square":["https:\/\/clarifyingthebible.com\/wp-content\/uploads\/2020\/07\/CTB-Disciples-Bundle-140x140.jpg",140,140,true],"wide":["https:\/\/clarifyingthebible.com\/wp-content\/uploads\/2020\/07\/CTB-Disciples-Bundle-1000x500.jpg",1000,500,true],"wide_small":["https:\/\/clarifyingthebible.com\/wp-content\/uploads\/2020\/07\/CTB-Disciples-Bundle-670x335.jpg",670,335,true],"regular":["https:\/\/clarifyingthebible.com\/wp-content\/uploads\/2020\/07\/CTB-Disciples-Bundle-500x500.jpg",500,500,true],"regular_small":["https:\/\/clarifyingthebible.com\/wp-content\/uploads\/2020\/07\/CTB-Disciples-Bundle-350x350.jpg",350,350,true],"tall":["https:\/\/clarifyingthebible.com\/wp-content\/uploads\/2020\/07\/CTB-Disciples-Bundle-500x1000.jpg",500,1000,true],"wide_tall":["https:\/\/clarifyingthebible.com\/wp-content\/uploads\/2020\/07\/CTB-Disciples-Bundle-1000x1000.jpg",1000,1000,true],"wide_photography":["https:\/\/clarifyingthebible.com\/wp-content\/uploads\/2020\/07\/CTB-Disciples-Bundle-900x600.jpg",900,600,true],"large_featured":["https:\/\/clarifyingthebible.com\/wp-content\/uploads\/2020\/07\/CTB-Disciples-Bundle-1080x770.jpg",1080,770,true],"medium_featured":["https:\/\/clarifyingthebible.com\/wp-content\/uploads\/2020\/07\/CTB-Disciples-Bundle-800x800.jpg",800,800,true],"woocommerce_thumbnail":["https:\/\/clarifyingthebible.com\/wp-content\/uploads\/2020\/07\/CTB-Disciples-Bundle-375x400.jpg",375,400,true],"woocommerce_single":["https:\/\/clarifyingthebible.com\/wp-content\/uploads\/2020\/07\/CTB-Disciples-Bundle-600x600.jpg",600,600,true],"woocommerce_gallery_thumbnail":["https:\/\/clarifyingthebible.com\/wp-content\/uploads\/2020\/07\/CTB-Disciples-Bundle-150x150.jpg",150,150,true]},"uagb_author_info":{"display_name":"Mitch Maher","author_link":"https:\/\/clarifyingthebible.com\/es\/author\/"},"uagb_comment_info":1,"uagb_excerpt":"The book will be mailed to you; all else will come via email. This bundle is perfect for any follower of Jesus. You get the classic Clarifying The Bible workbook,...","_links":{"self":[{"href":"https:\/\/clarifyingthebible.com\/es\/wp-json\/wp\/v2\/product\/4276","targetHints":{"allow":["GET"]}}],"collection":[{"href":"https:\/\/clarifyingthebible.com\/es\/wp-json\/wp\/v2\/product"}],"about":[{"href":"https:\/\/clarifyingthebible.com\/es\/wp-json\/wp\/v2\/types\/product"}],"replies":[{"embeddable":true,"href":"https:\/\/clarifyingthebible.com\/es\/wp-json\/wp\/v2\/comments?post=4276"}],"wp:featuredmedia":[{"embeddable":true,"href":"https:\/\/clarifyingthebible.com\/es\/wp-json\/wp\/v2\/media\/5109"}],"wp:attachment":[{"href":"https:\/\/clarifyingthebible.com\/es\/wp-json\/wp\/v2\/media?parent=4276"}],"wp:term":[{"taxonomy":"product_brand","embeddable":true,"href":"https:\/\/clarifyingthebible.com\/es\/wp-json\/wp\/v2\/product_brand?post=4276"},{"taxonomy":"product_cat","embeddable":true,"href":"https:\/\/clarifyingthebible.com\/es\/wp-json\/wp\/v2\/product_cat?post=4276"},{"taxonomy":"product_tag","embeddable":true,"href":"https:\/\/clarifyingthebible.com\/es\/wp-json\/wp\/v2\/product_tag?post=4276"}],"curies":[{"name":"wp","href":"https:\/\/api.w.org\/{rel}","templated":true}]}}