{"id":4248,"date":"2020-07-30T20:25:12","date_gmt":"2020-07-30T20:25:12","guid":{"rendered":"https:\/\/clarifyingthebible.com\/?post_type=product&#038;p=4248"},"modified":"2025-12-20T16:41:56","modified_gmt":"2025-12-20T22:41:56","slug":"ctb-small-group-curriculum-pdf-download-help-others-understand-the-bible","status":"publish","type":"product","link":"https:\/\/clarifyingthebible.com\/es\/store\/ctb-small-group-curriculum-pdf-download-help-others-understand-the-bible\/","title":{"rendered":"Plan de estudios para grupos peque\u00f1os (descarga en PDF): \u00a1Ayude a otros a entender la Biblia con este estudio de 6 sesiones!"},"content":{"rendered":"<p>El <em>Plan de estudios de grupos peque\u00f1os de CTB<\/em> es un plan de estudios de seis (6) sesiones que lo ayuda a guiar a otros a trav\u00e9s de <em>Aclarando la Biblia<\/em>. Su es tanto una Gu\u00eda del Participante como una Gu\u00eda del L\u00edder. Todos ser\u00e1n desafiados a aprender la estructura b\u00e1sica y la historia de la Biblia, memorizar las Escrituras pertinentes e incluso convertirse en un <em>Aclarando la Biblia<\/em> experto (\u00a1Ja!).<\/p>\n<p>&nbsp;<\/p>","protected":false},"excerpt":{"rendered":"<p>El plan de estudios para grupos peque\u00f1os de CTB es un plan de estudios de seis (6) sesiones que lo ayuda a guiar a otros a trav\u00e9s de Clarificar la Biblia. Su es tanto una Gu\u00eda del Participante como una Gu\u00eda del L\u00edder. Todo el mundo lo har\u00e1\u2026<\/p>","protected":false},"featured_media":5110,"comment_status":"open","ping_status":"closed","template":"","meta":{"_uag_custom_page_level_css":"","wds_primary_product_brand":0,"wds_primary_product_cat":0},"product_brand":[],"product_cat":[13],"product_tag":[],"class_list":{"0":"post-4248","1":"product","2":"type-product","3":"status-publish","4":"has-post-thumbnail","6":"product_cat-clarifying-the-bible","8":"first","9":"instock","10":"downloadable","11":"virtual","12":"taxable","13":"purchasable","14":"product-type-simple"},"uagb_featured_image_src":{"full":["https:\/\/clarifyingthebible.com\/wp-content\/uploads\/2020\/07\/CTB-Small-Group-Curriculum.jpg",1080,1080,false],"thumbnail":["https:\/\/clarifyingthebible.com\/wp-content\/uploads\/2020\/07\/CTB-Small-Group-Curriculum-150x150.jpg",150,150,true],"medium":["https:\/\/clarifyingthebible.com\/wp-content\/uploads\/2020\/07\/CTB-Small-Group-Curriculum-300x300.jpg",300,300,true],"medium_large":["https:\/\/clarifyingthebible.com\/wp-content\/uploads\/2020\/07\/CTB-Small-Group-Curriculum-768x768.jpg",768,768,true],"large":["https:\/\/clarifyingthebible.com\/wp-content\/uploads\/2020\/07\/CTB-Small-Group-Curriculum-1024x1024.jpg",1024,1024,true],"1536x1536":["https:\/\/clarifyingthebible.com\/wp-content\/uploads\/2020\/07\/CTB-Small-Group-Curriculum.jpg",1080,1080,false],"2048x2048":["https:\/\/clarifyingthebible.com\/wp-content\/uploads\/2020\/07\/CTB-Small-Group-Curriculum.jpg",1080,1080,false],"trp-custom-language-flag":["https:\/\/clarifyingthebible.com\/wp-content\/uploads\/2020\/07\/CTB-Small-Group-Curriculum.jpg",12,12,false],"portfolio-thumb_large":["https:\/\/clarifyingthebible.com\/wp-content\/uploads\/2020\/07\/CTB-Small-Group-Curriculum-900x604.jpg",900,604,true],"portfolio-thumb":["https:\/\/clarifyingthebible.com\/wp-content\/uploads\/2020\/07\/CTB-Small-Group-Curriculum-600x403.jpg",600,403,true],"portfolio-thumb_small":["https:\/\/clarifyingthebible.com\/wp-content\/uploads\/2020\/07\/CTB-Small-Group-Curriculum-400x269.jpg",400,269,true],"portfolio-widget":["https:\/\/clarifyingthebible.com\/wp-content\/uploads\/2020\/07\/CTB-Small-Group-Curriculum-100x100.jpg",100,100,true],"nectar_small_square":["https:\/\/clarifyingthebible.com\/wp-content\/uploads\/2020\/07\/CTB-Small-Group-Curriculum-140x140.jpg",140,140,true],"wide":["https:\/\/clarifyingthebible.com\/wp-content\/uploads\/2020\/07\/CTB-Small-Group-Curriculum-1000x500.jpg",1000,500,true],"wide_small":["https:\/\/clarifyingthebible.com\/wp-content\/uploads\/2020\/07\/CTB-Small-Group-Curriculum-670x335.jpg",670,335,true],"regular":["https:\/\/clarifyingthebible.com\/wp-content\/uploads\/2020\/07\/CTB-Small-Group-Curriculum-500x500.jpg",500,500,true],"regular_small":["https:\/\/clarifyingthebible.com\/wp-content\/uploads\/2020\/07\/CTB-Small-Group-Curriculum-350x350.jpg",350,350,true],"tall":["https:\/\/clarifyingthebible.com\/wp-content\/uploads\/2020\/07\/CTB-Small-Group-Curriculum-500x1000.jpg",500,1000,true],"wide_tall":["https:\/\/clarifyingthebible.com\/wp-content\/uploads\/2020\/07\/CTB-Small-Group-Curriculum-1000x1000.jpg",1000,1000,true],"wide_photography":["https:\/\/clarifyingthebible.com\/wp-content\/uploads\/2020\/07\/CTB-Small-Group-Curriculum-900x600.jpg",900,600,true],"large_featured":["https:\/\/clarifyingthebible.com\/wp-content\/uploads\/2020\/07\/CTB-Small-Group-Curriculum-1080x770.jpg",1080,770,true],"medium_featured":["https:\/\/clarifyingthebible.com\/wp-content\/uploads\/2020\/07\/CTB-Small-Group-Curriculum-800x800.jpg",800,800,true],"woocommerce_thumbnail":["https:\/\/clarifyingthebible.com\/wp-content\/uploads\/2020\/07\/CTB-Small-Group-Curriculum-375x400.jpg",375,400,true],"woocommerce_single":["https:\/\/clarifyingthebible.com\/wp-content\/uploads\/2020\/07\/CTB-Small-Group-Curriculum-600x600.jpg",600,600,true],"woocommerce_gallery_thumbnail":["https:\/\/clarifyingthebible.com\/wp-content\/uploads\/2020\/07\/CTB-Small-Group-Curriculum-150x150.jpg",150,150,true]},"uagb_author_info":{"display_name":"Mitch Maher","author_link":"https:\/\/clarifyingthebible.com\/es\/author\/"},"uagb_comment_info":9,"uagb_excerpt":"The CTB Small Group Curriculum is a six (6) Session curriculum helps you lead others through Clarifying The Bible. Their is both a Participant Guide and Leader Guide. Everyone will...","_links":{"self":[{"href":"https:\/\/clarifyingthebible.com\/es\/wp-json\/wp\/v2\/product\/4248","targetHints":{"allow":["GET"]}}],"collection":[{"href":"https:\/\/clarifyingthebible.com\/es\/wp-json\/wp\/v2\/product"}],"about":[{"href":"https:\/\/clarifyingthebible.com\/es\/wp-json\/wp\/v2\/types\/product"}],"replies":[{"embeddable":true,"href":"https:\/\/clarifyingthebible.com\/es\/wp-json\/wp\/v2\/comments?post=4248"}],"wp:featuredmedia":[{"embeddable":true,"href":"https:\/\/clarifyingthebible.com\/es\/wp-json\/wp\/v2\/media\/5110"}],"wp:attachment":[{"href":"https:\/\/clarifyingthebible.com\/es\/wp-json\/wp\/v2\/media?parent=4248"}],"wp:term":[{"taxonomy":"product_brand","embeddable":true,"href":"https:\/\/clarifyingthebible.com\/es\/wp-json\/wp\/v2\/product_brand?post=4248"},{"taxonomy":"product_cat","embeddable":true,"href":"https:\/\/clarifyingthebible.com\/es\/wp-json\/wp\/v2\/product_cat?post=4248"},{"taxonomy":"product_tag","embeddable":true,"href":"https:\/\/clarifyingthebible.com\/es\/wp-json\/wp\/v2\/product_tag?post=4248"}],"curies":[{"name":"wp","href":"https:\/\/api.w.org\/{rel}","templated":true}]}}