{"id":4199,"date":"2020-07-20T22:26:00","date_gmt":"2020-07-20T22:26:00","guid":{"rendered":"https:\/\/clarifyingthebible.com\/?post_type=product&#038;p=4199"},"modified":"2025-01-01T00:00:08","modified_gmt":"2025-01-01T06:00:08","slug":"ctb-powerpoint-slides-better-than-the-video-slides","status":"publish","type":"product","link":"https:\/\/clarifyingthebible.com\/es\/store\/ctb-powerpoint-slides-better-than-the-video-slides\/","title":{"rendered":"Diapositivas de ense\u00f1anza (descarga de PPT): \u00a1Las diapositivas actualizadas reforzar\u00e1n su aprendizaje y mejorar\u00e1n su ense\u00f1anza!"},"content":{"rendered":"<p>El <em>Diapositivas did\u00e1cticas de CTB (PPT)<\/em> puede ser una tremenda bendici\u00f3n para ti. Descargue el archivo, haga clic en Reproducir y siga los pasos <em>Aclarando la Biblia<\/em> paso a paso. Y use estas diapositivas para discipular a otros. Si domina PowerPoint, adapte las diapositivas a su gusto. Nota: las diapositivas se han mejorado con respecto a las utilizadas en el <em>Aclarando la Biblia<\/em> video.<\/p>","protected":false},"excerpt":{"rendered":"<p>Las Diapositivas did\u00e1cticas de CTB (PPT) pueden ser una gran bendici\u00f3n para usted. Descargue el archivo, haga clic en Reproducir y gu\u00edese paso a paso por Clarificar la Biblia. Y usa estos...<\/p>","protected":false},"featured_media":5111,"comment_status":"open","ping_status":"closed","template":"","meta":{"_uag_custom_page_level_css":"","wds_primary_product_brand":0,"wds_primary_product_cat":0},"product_brand":[],"product_cat":[13],"product_tag":[],"class_list":{"0":"post-4199","1":"product","2":"type-product","3":"status-publish","4":"has-post-thumbnail","6":"product_cat-clarifying-the-bible","8":"first","9":"instock","10":"downloadable","11":"virtual","12":"taxable","13":"purchasable","14":"product-type-simple"},"uagb_featured_image_src":{"full":["https:\/\/clarifyingthebible.com\/wp-content\/uploads\/2020\/07\/CTB-teaching-slides-download.jpg",1080,1080,false],"thumbnail":["https:\/\/clarifyingthebible.com\/wp-content\/uploads\/2020\/07\/CTB-teaching-slides-download-150x150.jpg",150,150,true],"medium":["https:\/\/clarifyingthebible.com\/wp-content\/uploads\/2020\/07\/CTB-teaching-slides-download-300x300.jpg",300,300,true],"medium_large":["https:\/\/clarifyingthebible.com\/wp-content\/uploads\/2020\/07\/CTB-teaching-slides-download-768x768.jpg",768,768,true],"large":["https:\/\/clarifyingthebible.com\/wp-content\/uploads\/2020\/07\/CTB-teaching-slides-download-1024x1024.jpg",1024,1024,true],"1536x1536":["https:\/\/clarifyingthebible.com\/wp-content\/uploads\/2020\/07\/CTB-teaching-slides-download.jpg",1080,1080,false],"2048x2048":["https:\/\/clarifyingthebible.com\/wp-content\/uploads\/2020\/07\/CTB-teaching-slides-download.jpg",1080,1080,false],"trp-custom-language-flag":["https:\/\/clarifyingthebible.com\/wp-content\/uploads\/2020\/07\/CTB-teaching-slides-download.jpg",12,12,false],"portfolio-thumb_large":["https:\/\/clarifyingthebible.com\/wp-content\/uploads\/2020\/07\/CTB-teaching-slides-download-900x604.jpg",900,604,true],"portfolio-thumb":["https:\/\/clarifyingthebible.com\/wp-content\/uploads\/2020\/07\/CTB-teaching-slides-download-600x403.jpg",600,403,true],"portfolio-thumb_small":["https:\/\/clarifyingthebible.com\/wp-content\/uploads\/2020\/07\/CTB-teaching-slides-download-400x269.jpg",400,269,true],"portfolio-widget":["https:\/\/clarifyingthebible.com\/wp-content\/uploads\/2020\/07\/CTB-teaching-slides-download-100x100.jpg",100,100,true],"nectar_small_square":["https:\/\/clarifyingthebible.com\/wp-content\/uploads\/2020\/07\/CTB-teaching-slides-download-140x140.jpg",140,140,true],"wide":["https:\/\/clarifyingthebible.com\/wp-content\/uploads\/2020\/07\/CTB-teaching-slides-download-1000x500.jpg",1000,500,true],"wide_small":["https:\/\/clarifyingthebible.com\/wp-content\/uploads\/2020\/07\/CTB-teaching-slides-download-670x335.jpg",670,335,true],"regular":["https:\/\/clarifyingthebible.com\/wp-content\/uploads\/2020\/07\/CTB-teaching-slides-download-500x500.jpg",500,500,true],"regular_small":["https:\/\/clarifyingthebible.com\/wp-content\/uploads\/2020\/07\/CTB-teaching-slides-download-350x350.jpg",350,350,true],"tall":["https:\/\/clarifyingthebible.com\/wp-content\/uploads\/2020\/07\/CTB-teaching-slides-download-500x1000.jpg",500,1000,true],"wide_tall":["https:\/\/clarifyingthebible.com\/wp-content\/uploads\/2020\/07\/CTB-teaching-slides-download-1000x1000.jpg",1000,1000,true],"wide_photography":["https:\/\/clarifyingthebible.com\/wp-content\/uploads\/2020\/07\/CTB-teaching-slides-download-900x600.jpg",900,600,true],"large_featured":["https:\/\/clarifyingthebible.com\/wp-content\/uploads\/2020\/07\/CTB-teaching-slides-download-1080x770.jpg",1080,770,true],"medium_featured":["https:\/\/clarifyingthebible.com\/wp-content\/uploads\/2020\/07\/CTB-teaching-slides-download-800x800.jpg",800,800,true],"woocommerce_thumbnail":["https:\/\/clarifyingthebible.com\/wp-content\/uploads\/2020\/07\/CTB-teaching-slides-download-375x400.jpg",375,400,true],"woocommerce_single":["https:\/\/clarifyingthebible.com\/wp-content\/uploads\/2020\/07\/CTB-teaching-slides-download-600x600.jpg",600,600,true],"woocommerce_gallery_thumbnail":["https:\/\/clarifyingthebible.com\/wp-content\/uploads\/2020\/07\/CTB-teaching-slides-download-150x150.jpg",150,150,true]},"uagb_author_info":{"display_name":"Mitch Maher","author_link":"https:\/\/clarifyingthebible.com\/es\/author\/"},"uagb_comment_info":3,"uagb_excerpt":"The CTB Teaching Slides (PPT) can be a tremendous blessing to you. Download the file, click Play, and walk yourself through Clarifying The Bible step by step. And, use these...","_links":{"self":[{"href":"https:\/\/clarifyingthebible.com\/es\/wp-json\/wp\/v2\/product\/4199","targetHints":{"allow":["GET"]}}],"collection":[{"href":"https:\/\/clarifyingthebible.com\/es\/wp-json\/wp\/v2\/product"}],"about":[{"href":"https:\/\/clarifyingthebible.com\/es\/wp-json\/wp\/v2\/types\/product"}],"replies":[{"embeddable":true,"href":"https:\/\/clarifyingthebible.com\/es\/wp-json\/wp\/v2\/comments?post=4199"}],"wp:featuredmedia":[{"embeddable":true,"href":"https:\/\/clarifyingthebible.com\/es\/wp-json\/wp\/v2\/media\/5111"}],"wp:attachment":[{"href":"https:\/\/clarifyingthebible.com\/es\/wp-json\/wp\/v2\/media?parent=4199"}],"wp:term":[{"taxonomy":"product_brand","embeddable":true,"href":"https:\/\/clarifyingthebible.com\/es\/wp-json\/wp\/v2\/product_brand?post=4199"},{"taxonomy":"product_cat","embeddable":true,"href":"https:\/\/clarifyingthebible.com\/es\/wp-json\/wp\/v2\/product_cat?post=4199"},{"taxonomy":"product_tag","embeddable":true,"href":"https:\/\/clarifyingthebible.com\/es\/wp-json\/wp\/v2\/product_tag?post=4199"}],"curies":[{"name":"wp","href":"https:\/\/api.w.org\/{rel}","templated":true}]}}