{"id":4177,"date":"2020-07-19T20:26:42","date_gmt":"2020-07-19T20:26:42","guid":{"rendered":"https:\/\/clarifyingthebible.com\/?post_type=product&#038;p=4177"},"modified":"2022-11-03T16:48:58","modified_gmt":"2022-11-03T16:48:58","slug":"ctb-teaching-manuscript","status":"publish","type":"product","link":"https:\/\/clarifyingthebible.com\/es\/store\/ctb-teaching-manuscript\/","title":{"rendered":"Manuscrito de Ense\u00f1anza (Descargar PDF): \u00a1Mejore su entendimiento y ministerio de ense\u00f1anza hoy!"},"content":{"rendered":"<p>El<em> Manuscrito did\u00e1ctico CTB<\/em> es la presentaci\u00f3n en video escrita palabra por palabra. Algunos de ustedes aprenden mejor leyendo, por lo que esto les ayudar\u00e1 a comprender el material. Y, sin duda, le ayudar\u00e1 mientras se prepara para ense\u00f1ar a otros. Mejora tu entendimiento y ministerio de ense\u00f1anza. \u00a1Obtenga el Manuscrito de Ense\u00f1anza hoy! Con esta compra recibir\u00e1 tres (3) archivos diferentes: Normal, Centrado, L\u00edneas. \u00a1Ver\u00e1 lo que queremos decir cuando obtenga las descargas!<\/p>","protected":false},"excerpt":{"rendered":"<p>\u00bfAprendes mejor leyendo? Entonces el <em><strong>Manuscrito did\u00e1ctico CTB<\/strong><\/em> mejorar\u00e1 su comprensi\u00f3n del material. \u00bfLe gustar\u00eda ense\u00f1ar a otros de manera m\u00e1s efectiva? El <em><strong>Manuscrito did\u00e1ctico CTB<\/strong><\/em> le ayudar\u00e1 a hacer precisamente eso. Recibir\u00e1 tres (3) archivos diferentes: Normal, Centrado, L\u00edneas. \u00a1Ver\u00e1 lo que queremos decir cuando obtenga las descargas!<\/p>","protected":false},"featured_media":5112,"comment_status":"open","ping_status":"closed","template":"","meta":{"_uag_custom_page_level_css":"","wds_primary_product_brand":0,"wds_primary_product_cat":0},"product_brand":[],"product_cat":[13],"product_tag":[],"class_list":{"0":"post-4177","1":"product","2":"type-product","3":"status-publish","4":"has-post-thumbnail","6":"product_cat-clarifying-the-bible","7":"product_shipping_class-noorfreeshipping","9":"first","10":"instock","11":"downloadable","12":"virtual","13":"taxable","14":"purchasable","15":"product-type-simple"},"uagb_featured_image_src":{"full":["https:\/\/clarifyingthebible.com\/wp-content\/uploads\/2020\/07\/CTB-Teaching-Manuscript.jpg",1080,1080,false],"thumbnail":["https:\/\/clarifyingthebible.com\/wp-content\/uploads\/2020\/07\/CTB-Teaching-Manuscript-150x150.jpg",150,150,true],"medium":["https:\/\/clarifyingthebible.com\/wp-content\/uploads\/2020\/07\/CTB-Teaching-Manuscript-300x300.jpg",300,300,true],"medium_large":["https:\/\/clarifyingthebible.com\/wp-content\/uploads\/2020\/07\/CTB-Teaching-Manuscript-768x768.jpg",768,768,true],"large":["https:\/\/clarifyingthebible.com\/wp-content\/uploads\/2020\/07\/CTB-Teaching-Manuscript-1024x1024.jpg",1024,1024,true],"1536x1536":["https:\/\/clarifyingthebible.com\/wp-content\/uploads\/2020\/07\/CTB-Teaching-Manuscript.jpg",1080,1080,false],"2048x2048":["https:\/\/clarifyingthebible.com\/wp-content\/uploads\/2020\/07\/CTB-Teaching-Manuscript.jpg",1080,1080,false],"trp-custom-language-flag":["https:\/\/clarifyingthebible.com\/wp-content\/uploads\/2020\/07\/CTB-Teaching-Manuscript.jpg",12,12,false],"portfolio-thumb_large":["https:\/\/clarifyingthebible.com\/wp-content\/uploads\/2020\/07\/CTB-Teaching-Manuscript-900x604.jpg",900,604,true],"portfolio-thumb":["https:\/\/clarifyingthebible.com\/wp-content\/uploads\/2020\/07\/CTB-Teaching-Manuscript-600x403.jpg",600,403,true],"portfolio-thumb_small":["https:\/\/clarifyingthebible.com\/wp-content\/uploads\/2020\/07\/CTB-Teaching-Manuscript-400x269.jpg",400,269,true],"portfolio-widget":["https:\/\/clarifyingthebible.com\/wp-content\/uploads\/2020\/07\/CTB-Teaching-Manuscript-100x100.jpg",100,100,true],"nectar_small_square":["https:\/\/clarifyingthebible.com\/wp-content\/uploads\/2020\/07\/CTB-Teaching-Manuscript-140x140.jpg",140,140,true],"wide":["https:\/\/clarifyingthebible.com\/wp-content\/uploads\/2020\/07\/CTB-Teaching-Manuscript-1000x500.jpg",1000,500,true],"wide_small":["https:\/\/clarifyingthebible.com\/wp-content\/uploads\/2020\/07\/CTB-Teaching-Manuscript-670x335.jpg",670,335,true],"regular":["https:\/\/clarifyingthebible.com\/wp-content\/uploads\/2020\/07\/CTB-Teaching-Manuscript-500x500.jpg",500,500,true],"regular_small":["https:\/\/clarifyingthebible.com\/wp-content\/uploads\/2020\/07\/CTB-Teaching-Manuscript-350x350.jpg",350,350,true],"tall":["https:\/\/clarifyingthebible.com\/wp-content\/uploads\/2020\/07\/CTB-Teaching-Manuscript-500x1000.jpg",500,1000,true],"wide_tall":["https:\/\/clarifyingthebible.com\/wp-content\/uploads\/2020\/07\/CTB-Teaching-Manuscript-1000x1000.jpg",1000,1000,true],"wide_photography":["https:\/\/clarifyingthebible.com\/wp-content\/uploads\/2020\/07\/CTB-Teaching-Manuscript-900x600.jpg",900,600,true],"large_featured":["https:\/\/clarifyingthebible.com\/wp-content\/uploads\/2020\/07\/CTB-Teaching-Manuscript-1080x770.jpg",1080,770,true],"medium_featured":["https:\/\/clarifyingthebible.com\/wp-content\/uploads\/2020\/07\/CTB-Teaching-Manuscript-800x800.jpg",800,800,true],"woocommerce_thumbnail":["https:\/\/clarifyingthebible.com\/wp-content\/uploads\/2020\/07\/CTB-Teaching-Manuscript-375x400.jpg",375,400,true],"woocommerce_single":["https:\/\/clarifyingthebible.com\/wp-content\/uploads\/2020\/07\/CTB-Teaching-Manuscript-600x600.jpg",600,600,true],"woocommerce_gallery_thumbnail":["https:\/\/clarifyingthebible.com\/wp-content\/uploads\/2020\/07\/CTB-Teaching-Manuscript-150x150.jpg",150,150,true]},"uagb_author_info":{"display_name":"Mitch Maher","author_link":"https:\/\/clarifyingthebible.com\/es\/author\/"},"uagb_comment_info":4,"uagb_excerpt":"Do you learn better from reading? Then the CTB Teaching Manuscript will enhance your understanding of the material. Would you like to teach others more effectively? The CTB Teaching Manuscript will help you do just that. You'll receive three (3) different files: Normal, Centered, Lines. You'll see what we mean when you get the downloads!","_links":{"self":[{"href":"https:\/\/clarifyingthebible.com\/es\/wp-json\/wp\/v2\/product\/4177","targetHints":{"allow":["GET"]}}],"collection":[{"href":"https:\/\/clarifyingthebible.com\/es\/wp-json\/wp\/v2\/product"}],"about":[{"href":"https:\/\/clarifyingthebible.com\/es\/wp-json\/wp\/v2\/types\/product"}],"replies":[{"embeddable":true,"href":"https:\/\/clarifyingthebible.com\/es\/wp-json\/wp\/v2\/comments?post=4177"}],"wp:featuredmedia":[{"embeddable":true,"href":"https:\/\/clarifyingthebible.com\/es\/wp-json\/wp\/v2\/media\/5112"}],"wp:attachment":[{"href":"https:\/\/clarifyingthebible.com\/es\/wp-json\/wp\/v2\/media?parent=4177"}],"wp:term":[{"taxonomy":"product_brand","embeddable":true,"href":"https:\/\/clarifyingthebible.com\/es\/wp-json\/wp\/v2\/product_brand?post=4177"},{"taxonomy":"product_cat","embeddable":true,"href":"https:\/\/clarifyingthebible.com\/es\/wp-json\/wp\/v2\/product_cat?post=4177"},{"taxonomy":"product_tag","embeddable":true,"href":"https:\/\/clarifyingthebible.com\/es\/wp-json\/wp\/v2\/product_tag?post=4177"}],"curies":[{"name":"wp","href":"https:\/\/api.w.org\/{rel}","templated":true}]}}