{"id":26,"date":"2013-11-06T01:17:45","date_gmt":"2013-11-06T01:17:45","guid":{"rendered":"https:\/\/clarifyingthebible.com\/dev\/?page_id=26"},"modified":"2015-12-18T21:34:23","modified_gmt":"2015-12-18T21:34:23","slug":"about","status":"publish","type":"page","link":"https:\/\/clarifyingthebible.com\/es\/about\/","title":{"rendered":"Acerca de Mitch"},"content":{"rendered":"<p><img decoding=\"async\" class=\"alignleft wp-image-193\" src=\"https:\/\/clarifyingthebible.com\/wp-content\/uploads\/2013\/11\/mitchMug2.png\" alt=\"mitchMug2\" width=\"270\" height=\"242\" \/>Mitch se desempe\u00f1a como pastor principal en <a title=\"Iglesia Comunitaria Redentor\" href=\"http:\/\/redeemercommunity.org\/\" target=\"_blank\">Iglesia Comunitaria Redentor<\/a> en Katy, TX, donde ha estado desde agosto de 2008. Originario de Plano, TX, creci\u00f3 en la Primera Iglesia Bautista de Plano, se gradu\u00f3 de Plano Senior High School y luego se traslad\u00f3 a la Universidad del Norte de Texas en Denton, TX, donde fue mariscal de campo del equipo de f\u00fatbol y obtuvo una licenciatura en administraci\u00f3n de empresas en 1995. A lo largo de sus a\u00f1os en la escuela secundaria, Mitch estuvo involucrado en el ministerio del campus de Student Venture y luego, en la universidad, Campus Crusade for Christ.<\/p>\n<p>Debido a su pasi\u00f3n por el ministerio, comenz\u00f3 <a title=\"Seminario Teol\u00f3gico de Dallas\" href=\"http:\/\/www.dts.edu\/\" target=\"_blank\">Seminario Teol\u00f3gico de Dallas<\/a> en el oto\u00f1o de 1995 donde obtuvo una Maestr\u00eda en Teolog\u00eda (Liderazgo Pastoral) en 2000. De 1996 a 2001 Mitch trabaj\u00f3 con el Ministerio de J\u00f3venes Solteros de <a title=\"Iglesia B\u00edblica de Denton\" href=\"http:\/\/dentonbible.org\/\" target=\"_blank\">Iglesia B\u00edblica de Denton<\/a>, sirviendo como Director durante m\u00e1s de tres a\u00f1os. A principios de 2002, con una pasi\u00f3n por la iglesia local, comunicar la verdad de Dios y equipar a los creyentes para la vida y el ministerio, Mitch se uni\u00f3 a la <a title=\"Asociados de becas\" href=\"http:\/\/www.fellowshipassociates.org\/\" target=\"_blank\">Residencia de Liderazgo de Plantaci\u00f3n de Iglesias<\/a> programa en Fellowship Bible Church en Little Rock, AR antes de mudarse a Jonesboro, AR en mayo de 2002 para ayudar a plantar <a title=\"Beca Jonesboro\" href=\"http:\/\/fellowshipjonesboro.com\/\" target=\"_blank\">Fraternidad Iglesia B\u00edblica de Jonesboro<\/a>, donde se desempe\u00f1\u00f3 como pastor principal desde mayo de 2002 hasta mayo de 2008.<\/p>\n<p>Emocionado por ayudar a otros a entender las Escrituras, Mitch tambi\u00e9n es maestro regular en la <a title=\"Instituto Kanakuk\" href=\"http:\/\/kanakukinstitute.com\/\" target=\"_blank\">Instituto Kanakuk<\/a> en Branson, MO y <a title=\"Ministerios de l\u00ednea descendente\" href=\"http:\/\/downlineministries.com\/\" target=\"_blank\">Ministerios de l\u00ednea descendente<\/a> en Memphis TN y Noroeste, AR. Tambi\u00e9n disfruta impartiendo sus seminarios Clarificando la Biblia en todo el pa\u00eds.<\/p>\n<p>Mitch conoci\u00f3 a su esposa Tara en el verano de 1998 y los dos se casaron en Dallas el 30 de septiembre de 2000. Son los orgullosos padres de sus tres hijas, Macy, Molly y Maddy.<\/p>","protected":false},"excerpt":{"rendered":"<p>Mitch serves as Lead Pastor at Redeemer Community Church in Katy, TX, where he&#8217;s been since August 2008. Originally from Plano, TX, he grew up at First Baptist Church of&#8230;<\/p>","protected":false},"author":1,"featured_media":0,"parent":0,"menu_order":0,"comment_status":"open","ping_status":"closed","template":"","meta":{"_uag_custom_page_level_css":"","footnotes":""},"class_list":["post-26","page","type-page","status-publish"],"uagb_featured_image_src":{"full":false,"thumbnail":false,"medium":false,"medium_large":false,"large":false,"1536x1536":false,"2048x2048":false,"trp-custom-language-flag":false,"portfolio-thumb_large":false,"portfolio-thumb":false,"portfolio-thumb_small":false,"portfolio-widget":false,"nectar_small_square":false,"wide":false,"wide_small":false,"regular":false,"regular_small":false,"tall":false,"wide_tall":false,"wide_photography":false,"large_featured":false,"medium_featured":false,"woocommerce_thumbnail":false,"woocommerce_single":false,"woocommerce_gallery_thumbnail":false},"uagb_author_info":{"display_name":"keith","author_link":"https:\/\/clarifyingthebible.com\/es\/author\/keith\/"},"uagb_comment_info":0,"uagb_excerpt":"Mitch serves as Lead Pastor at Redeemer Community Church in Katy, TX, where he&#8217;s been since August 2008. Originally from Plano, TX, he grew up at First Baptist Church of...","_links":{"self":[{"href":"https:\/\/clarifyingthebible.com\/es\/wp-json\/wp\/v2\/pages\/26","targetHints":{"allow":["GET"]}}],"collection":[{"href":"https:\/\/clarifyingthebible.com\/es\/wp-json\/wp\/v2\/pages"}],"about":[{"href":"https:\/\/clarifyingthebible.com\/es\/wp-json\/wp\/v2\/types\/page"}],"author":[{"embeddable":true,"href":"https:\/\/clarifyingthebible.com\/es\/wp-json\/wp\/v2\/users\/1"}],"replies":[{"embeddable":true,"href":"https:\/\/clarifyingthebible.com\/es\/wp-json\/wp\/v2\/comments?post=26"}],"version-history":[{"count":15,"href":"https:\/\/clarifyingthebible.com\/es\/wp-json\/wp\/v2\/pages\/26\/revisions"}],"predecessor-version":[{"id":2035,"href":"https:\/\/clarifyingthebible.com\/es\/wp-json\/wp\/v2\/pages\/26\/revisions\/2035"}],"wp:attachment":[{"href":"https:\/\/clarifyingthebible.com\/es\/wp-json\/wp\/v2\/media?parent=26"}],"curies":[{"name":"wp","href":"https:\/\/api.w.org\/{rel}","templated":true}]}}